{"id":4356,"date":"2024-02-14T09:14:45","date_gmt":"2024-02-14T09:14:45","guid":{"rendered":"https:\/\/kusadasi.globalcruiseports.com\/liman\/sustainability\/"},"modified":"2026-02-27T09:32:33","modified_gmt":"2026-02-27T09:32:33","slug":"sgc","status":"publish","type":"page","link":"https:\/\/kusadasicruiseport.com\/tr\/liman\/sgc\/","title":{"rendered":"Sa\u011fl\u0131k, G\u00fcvenlik ve \u00c7evre"},"content":{"rendered":"\r\n<style>\r\n.page-content-wrapper{\r\n\t\tz-index: 2;\t\r\n\t}\r\n<\/style>\r\n\r\n<section class=\"section page page-sustainability footer-space-pd page-bg-light  desktop-footer-space-pd hse-menu\">\r\n\t<style>\r\n                .page-header-bg {\r\n                    background-image: url(https:\/\/kusadasicruiseport.com\/wp-content\/uploads\/sites\/34\/2025\/06\/hse1_81518314.png);\r\n                    background-size: cover;\r\n                    background-position: center;\r\n                }\r\n\t\t\t\t.hero-content{\r\n\t\t\t\t    top: 50%;\r\n    \t\t\t\tposition: absolute;\r\n    \t\t\t\ttransform: translateY(-50%);\r\n\t\t\t\t}\r\n              <\/style><div class=\"page-header-bg pr\">\t<div class=\"container w100\">\r\n\t\t<div class=\"row flex hero-content\">\r\n\t\t\t<div class=\"cl-12 page-header\">\r\n\t\t\t\t<h5 style=\"text-transform:uppercase;\">Sa\u011fl\u0131k, G\u00fcvenlik ve \u00c7evre<\/h5>\r\n\t\t\t\t<h1>Sa\u011fl\u0131k, G\u00fcvenlik ve \u00c7evre<\/h1>\r\n\t\t\t<\/div>\r\n\t\t<\/div>\r\n\t<\/div>\r\n\t<\/div>\r\n\t<div class=\"page-content-wrapper pr\">\r\n\t\t<div class=\"container\">\r\n\t\t\t<div class=\"row flex align-i-center justify-c-center\">\r\n\t\t\t\t<div class=\"cl-10\">\r\n\t\t\t\t\t<div class=\"page-bg-white\">\r\n\t\t\t\t\t\t<div class=\"row flex page-sub-menu\">\r\n\t\t\t\t\t\t\t<div class=\"cl-12\">\r\n\t\t\t\t\t\t\t\t<ul class=\"flex align-i-center justify-c-center\">\r\n\t\t\t\t\t\t\t\t\t\t\t\t\t\t\t\t\t\t\t<li id=\"tabButton1\"\r\n\t\t\t\t\t\t\t\t\t\t\tclass=\"tab-button current-menu-item\">\r\n\t\t\t\t\t\t\t\t\t\t\t<span\r\n\t\t\t\t\t\t\t\t\t\t\t\tonclick=\"showTab('tab1', 'tabButton1')\">Sa\u011fl\u0131k ve G\u00fcvenlik <\/span>\r\n\t\t\t\t\t\t\t\t\t\t<\/li>\r\n\t\t\t\t\t\t\t\t\t\t\t\t\t\t\t\t\t\t\t<li id=\"tabButton2\"\r\n\t\t\t\t\t\t\t\t\t\t\tclass=\"tab-button \">\r\n\t\t\t\t\t\t\t\t\t\t\t<span\r\n\t\t\t\t\t\t\t\t\t\t\t\tonclick=\"showTab('tab2', 'tabButton2')\">\u00c7evre<\/span>\r\n\t\t\t\t\t\t\t\t\t\t<\/li>\r\n\t\t\t\t\t\t\t\t\t\t\t\t\t\t\t\t\t<\/ul>\r\n\t\t\t\t\t\t\t<\/div>\r\n\t\t\t\t\t\t<\/div>\r\n\t\t\t\t\t\t<div class=\"row flex\">\r\n\t\t\t\t\t\t\t<div class=\"cl-12\">\r\n\t\t\t\t\t\t\t\t\t\t\t\t\t\t\t\t\t<div id=\"tab1\"\r\n\t\t\t\t\t\t\t\t\t\tclass=\"tab-2-content active-tab\">\r\n\t\t\t\t\t\t\t\t\t\t<h3><strong>\u0130nsan\u0131 \u00d6nceliklendiriyoruz<\/strong><\/h3>\n<p>Ege Port Ku\u015fadas\u0131 olarak, t\u00fcm \u00e7al\u0131\u015fanlar\u0131m\u0131z, y\u00fcklenicilerimiz, ziyaret\u00e7ilerimiz ve payda\u015flar\u0131m\u0131z i\u00e7in g\u00fcvenli ve sa\u011fl\u0131kl\u0131 bir \u00e7al\u0131\u015fma ortam\u0131 sa\u011flamaya tam anlam\u0131yla ba\u011fl\u0131y\u0131z. ISO 45001:2018 standartlar\u0131 do\u011frultusunda, i\u015f sa\u011fl\u0131\u011f\u0131 ve g\u00fcvenli\u011fi (\u0130SG), operasyonel stratejimizin ve kurumsal sorumlulu\u011fumuzun temel unsurlar\u0131ndan biri olarak kabul edilmektedir.<\/p>\n<p>A\u015fa\u011f\u0131daki konularda taahh\u00fctte bulunuyoruz:<br \/>\n\u2022 T\u00fcm liman operasyonlar\u0131 ve hizmetlerinde i\u015f kazalar\u0131n\u0131, meslek hastal\u0131klar\u0131n\u0131 ve olas\u0131 olaylar\u0131 \u00f6nlemek ad\u0131na tehlikeleri ortadan kald\u0131rmak ve \u0130SG risklerini azaltmak.<br \/>\n\u2022 \u0130\u015f sa\u011fl\u0131\u011f\u0131 ve g\u00fcvenli\u011fiyle ilgili t\u00fcm yasal ve di\u011fer y\u00fck\u00fcml\u00fcl\u00fckleri, m\u00fc\u015fteri beklentilerini ve d\u00fczenleyici gereklilikleri yerine getirmek.<br \/>\n\u2022 Olas\u0131 \u0130SG tehditlerini her seviyede tespit etmek, de\u011ferlendirmek ve kontrol alt\u0131na almak i\u00e7in karar alma s\u00fcre\u00e7lerine proaktif ve risk odakl\u0131 bir yakla\u015f\u0131m\u0131 entegre etmek.<br \/>\n\u2022 \u0130\u015f sa\u011fl\u0131\u011f\u0131 ve g\u00fcvenli\u011fi uygulamalar\u0131n\u0131n geli\u015ftirilmesi, uygulanmas\u0131 ve iyile\u015ftirilmesi s\u00fcre\u00e7lerine \u00e7al\u0131\u015fanlar\u0131n ve temsilcilerinin kat\u0131l\u0131m\u0131n\u0131 sa\u011flamak.<br \/>\n\u2022 \u00c7al\u0131\u015fanlar\u0131n sa\u011fl\u0131k ve g\u00fcvenlik sorumluluklar\u0131 konusundaki fark\u0131ndal\u0131klar\u0131n\u0131, yetkinliklerini ve sorumluluk bilincini art\u0131rmak i\u00e7in gerekli e\u011fitimleri ve kaynaklar\u0131 sa\u011flamak.<br \/>\n\u2022 Her \u00e7al\u0131\u015fan\u0131n g\u00fcvenli bir i\u015f ortam\u0131n\u0131 koruman\u0131n ortak bir sorumluluk oldu\u011funun bilincinde oldu\u011fu bir g\u00fcvenlik k\u00fclt\u00fcr\u00fc olu\u015fturmak.<br \/>\n\u2022 \u00d6l\u00e7\u00fclebilir hedefler belirleyerek, i\u00e7 denetimler yaparak ve \u00fcst y\u00f6netim d\u00fczeyinde performans de\u011ferlendirmeleri ger\u00e7ekle\u015ftirerek \u0130SG performans\u0131m\u0131z\u0131 s\u00fcrekli olarak izlemek ve iyile\u015ftirmek.<br \/>\n\u2022 Net prosed\u00fcrler, d\u00fczenli tatbikatlar ve yerel acil durum birimleriyle koordinasyon yoluyla olas\u0131 acil durumlara haz\u0131rl\u0131kl\u0131 olmak.<br \/>\n________________________________________<br \/>\nBu taahh\u00fct, Ege Port Ku\u015fadas\u0131 \u00fcst y\u00f6netimi taraf\u0131ndan aktif olarak desteklenmekte ve t\u00fcm personele ve ilgili payda\u015flara a\u00e7\u0131k bir \u015fekilde iletilmektedir. Taahh\u00fcd\u00fcn ge\u00e7erlili\u011fi, etkinli\u011fi ve dinamik kruvaziyer liman\u0131 operasyonlar\u0131m\u0131zla uyumu d\u00fczenli olarak g\u00f6zden ge\u00e7irilmektedir.<\/p>\n<p>Ege Port Ku\u015fadas\u0131&#8217;nda g\u00fcvenli operasyonlar yaln\u0131zca bir gereklilik de\u011fil, ayn\u0131 zamanda temel bir de\u011ferdir.<\/p>\n<p>&nbsp;<\/p>\n<h3><strong>G\u00fcvenli Turizm Serifikas\u0131<\/strong><\/h3>\n<p>26 Nisan 2021&#8217;de Ege Port Ku\u015fadas\u0131, T\u00dcV Astria T\u00fcrk Belgelendirme E\u011fitim ve G\u00f6zetim Hizmetleri taraf\u0131ndan verilen G\u00fcvenli Turizm Sertifikas\u0131&#8217;n\u0131n ilk sertifikas\u0131n\u0131 ald\u0131. Bu akreditasyon, Ege Port Ku\u015fadas\u0131&#8217;n\u0131n kruvaziyer turizmine g\u00fcvenli bir ba\u015flang\u0131\u00e7 i\u00e7in standartlar\u0131n\u0131n bir kan\u0131t\u0131d\u0131r.<\/p>\n\t\t\t\t\t\t\t\t\t\t\t\t\t\t\t\t\t\t\t\t\t<div class=\"tab-documents\">\r\n\t\t\t\t\t\t\t\t\t\t\t\t\t\t\t\t\t\t\t\t\t\t\t\t\t\t\t\t\t\t\t\t\t\t\t\t\t\t\t<div class=\"tab-document-item flex\">\r\n\t\t\t\t\t\t\t\t\t\t\t\t\t\t\t<div class=\"doc-icon\">\r\n\t\t\t\t\t\t\t\t\t\t\t\t\t\t\t\t<img decoding=\"async\" src=\"https:\/\/kusadasicruiseport.com\/wp-content\/uploads\/sites\/34\/2025\/06\/Icon-ionic-ios-document.svg\" alt=\"Document\" \/>\r\n\t\t\t\t\t\t\t\t\t\t\t\t\t\t\t<\/div>\r\n\t\t\t\t\t\t\t\t\t\t\t\t\t\t\t<div class=\"doc-title\">\r\n\t\t\t\t\t\t\t\t\t\t\t\t\t\t\t\tG\u00fcvenli Turizm Sertifikas\u0131\t\t\t\t\t\t\t\t\t\t\t\t\t\t\t<\/div>\r\n\t\t\t\t\t\t\t\t\t\t\t\t\t\t\t<div class=\"doc-get\">\r\n\t\t\t\t\t\t\t\t\t\t\t\t\t\t\t\t<a href=\"https:\/\/kusadasicruiseport.com\/wp-content\/uploads\/sites\/34\/2025\/05\/EGE_PORT_TR_2.pdf\" target=\"_blank\"\r\n\t\t\t\t\t\t\t\t\t\t\t\t\t\t\t\t\tclass=\"primary-color\">\r\n\t\t\t\t\t\t\t\t\t\t\t\t\t\t\t\t\t\u0130ND\u0130R\t\t\t\t\t\t\t\t\t\t\t\t\t\t\t\t\t<svg xmlns=\"http:\/\/www.w3.org\/2000\/svg\" width=\"18.142\"\r\n\t\t\t\t\t\t\t\t\t\t\t\t\t\t\t\t\t\theight=\"18.142\" viewBox=\"0 0 18.142 18.142\"\r\n\t\t\t\t\t\t\t\t\t\t\t\t\t\t\t\t\t\tclass=\"primary-stroke\">\r\n\t\t\t\t\t\t\t\t\t\t\t\t\t\t\t\t\t\t<g id=\"Icon_feather-arrow-up-right\"\r\n\t\t\t\t\t\t\t\t\t\t\t\t\t\t\t\t\t\t\tdata-name=\"Icon feather-arrow-up-right\"\r\n\t\t\t\t\t\t\t\t\t\t\t\t\t\t\t\t\t\t\ttransform=\"translate(30.991 9.071) rotate(135)\">\r\n\t\t\t\t\t\t\t\t\t\t\t\t\t\t\t\t\t\t\t<path id=\"Path_3\" data-name=\"Path 3\" d=\"M10.5,20.5l10-10\"\r\n\t\t\t\t\t\t\t\t\t\t\t\t\t\t\t\t\t\t\t\tfill=\"none\" stroke-linecap=\"round\"\r\n\t\t\t\t\t\t\t\t\t\t\t\t\t\t\t\t\t\t\t\tstroke-linejoin=\"round\" stroke-width=\"2\" \/>\r\n\t\t\t\t\t\t\t\t\t\t\t\t\t\t\t\t\t\t\t<path id=\"Path_4\" data-name=\"Path 4\" d=\"M10.5,10.5h10v10\"\r\n\t\t\t\t\t\t\t\t\t\t\t\t\t\t\t\t\t\t\t\tfill=\"none\" stroke-linecap=\"round\"\r\n\t\t\t\t\t\t\t\t\t\t\t\t\t\t\t\t\t\t\t\tstroke-linejoin=\"round\" stroke-width=\"2\" \/>\r\n\t\t\t\t\t\t\t\t\t\t\t\t\t\t\t\t\t\t<\/g>\r\n\t\t\t\t\t\t\t\t\t\t\t\t\t\t\t\t\t<\/svg>\r\n\t\t\t\t\t\t\t\t\t\t\t\t\t\t\t\t<\/a>\r\n\t\t\t\t\t\t\t\t\t\t\t\t\t\t\t<\/div>\r\n\t\t\t\t\t\t\t\t\t\t\t\t\t\t<\/div>\r\n\t\t\t\t\t\t\t\t\t\t\t\t\t\t\t\t\t\t\t\t\t\t\t\t\t\t\t\t\t\t\t\t\t\t\t\t<\/div>\r\n\t\t\t\t\t\t\t\t\t\t\r\n\t\t\t\t\t\t\t\t\t<\/div>\r\n\t\t\t\t\t\t\t\t\t\t\t\t\t\t\t\t\t<div id=\"tab2\"\r\n\t\t\t\t\t\t\t\t\t\tclass=\"tab-2-content \">\r\n\t\t\t\t\t\t\t\t\t\t<h3><strong>Gelece\u011fimize Ba\u011fl\u0131y\u0131z<\/strong><\/h3>\n<p>Ege Port Ku\u015fadas\u0131 olarak, \u00e7evreye ve gelece\u011fe kar\u015f\u0131 sorumlulu\u011fumuzu ciddiyetle ele al\u0131yoruz. S\u00fcrd\u00fcr\u00fclebilir kalk\u0131nmay\u0131 benimseyerek, \u00e7evresel etkimizi en aza indirmeye ve gelecek nesillere daha temiz bir d\u00fcnya b\u0131rakmaya kararl\u0131y\u0131z.<\/p>\n<p>\u00c7evresel ayak izimizi azaltmak, do\u011fal kaynaklar\u0131 verimli kullanmak ve \u00f6rnek te\u015fkil edecek uygulamalar geli\u015ftirmek i\u00e7in durmaks\u0131z\u0131n \u00e7al\u0131\u015f\u0131yoruz. Liman\u0131m\u0131z yaln\u0131zca bug\u00fcn\u00fc de\u011fil, yar\u0131n\u0131 da g\u00fcvence alt\u0131na almay\u0131 hedefliyor. Bu anlay\u0131\u015fla her y\u0131l daha s\u00fcrd\u00fcr\u00fclebilir bir liman olma yolunda ilerliyoruz. Gelece\u011fimize ba\u011fl\u0131y\u0131z ve daha ye\u015fil bir d\u00fcnya i\u00e7in her g\u00fcn \u00e7aba g\u00f6steriyoruz.<\/p>\n<p>&nbsp;<\/p>\n<h3><strong>Ege Port Ku\u015fadas\u0131 \u00c7evre Y\u00f6netimi ve S\u00fcrd\u00fcr\u00fclebilirlik Stratejisi<\/strong><\/h3>\n<p>Ege Port Ku\u015fadas\u0131, s\u00fcrd\u00fcr\u00fclebilir kalk\u0131nmay\u0131 destekleyen ve \u00e7evresel koruma politikalar\u0131n\u0131n uygulanmas\u0131n\u0131 esas alan bir dizi kriter do\u011frultusunda, \u00f6nemli \u00e7evresel etkilerini belirlemektedir. Liman\u0131n \u00c7evre Y\u00f6netim Sistemi (EMS), \u00e7evreye zarar vermeyi \u00f6nleyen veya en aza indiren y\u00f6netim ve kontrol y\u00f6ntemlerine odaklanarak, faaliyetlerin s\u00fcrd\u00fcr\u00fclebilirli\u011fini sa\u011flamay\u0131 ama\u00e7lamaktad\u0131r.<\/p>\n<p>Ege Port Ku\u015fadas\u0131&#8217;nda verilen hizmetler yaln\u0131zca kruvaziyer gemileri ve feribotlarla s\u0131n\u0131rl\u0131d\u0131r; di\u011fer gemi t\u00fcrleri i\u00e7in y\u00fckleme veya bo\u015faltma i\u015flemleri ger\u00e7ekle\u015ftirilmemektedir. Bu \u00e7er\u00e7evede, liman faaliyetleriyle ili\u015fkili ba\u015fl\u0131ca \u00e7evresel konular \u015funlard\u0131r:<br \/>\n\u2022 \u0130klim De\u011fi\u015fikli\u011fine Dayan\u0131kl\u0131l\u0131k<br \/>\n\u2022 Su Kullan\u0131m\u0131<br \/>\n\u2022 Hava Emisyonlar\u0131<br \/>\n\u2022 At\u0131k Y\u00f6netimi<br \/>\n\u2022 Enerji Y\u00f6netimi<\/p>\n<p>&nbsp;<\/p>\n<h3><strong>\u00c7evreye Y\u00f6nelik Yat\u0131r\u0131mlar\u0131m\u0131z Aral\u0131ks\u0131z Devam Ediyor<\/strong><\/h3>\n<p>Ege Port Ku\u015fadas\u0131&#8217;nda \u00e7evreye olan ba\u011fl\u0131l\u0131\u011f\u0131m\u0131z tavizsizdir. Do\u011fay\u0131 korumak ve gelecek ku\u015faklara aktarmak amac\u0131yla yenilik\u00e7i \u00e7\u00f6z\u00fcmlere ve s\u00fcrd\u00fcr\u00fclebilir uygulamalara s\u00fcrekli yat\u0131r\u0131m yap\u0131yoruz. \u00c7evresel giri\u015fimlerimiz kesintisiz bir \u00e7aban\u0131n \u00fcr\u00fcn\u00fcd\u00fcr; bug\u00fcn\u00fcn ihtiya\u00e7lar\u0131n\u0131 kar\u015f\u0131larken, yar\u0131n\u0131 g\u00fcvence alt\u0131na almay\u0131 hedefler. Yapt\u0131\u011f\u0131m\u0131z her yat\u0131r\u0131mla pozitif bir etki yaratmaya ve daha ye\u015fil, daha temiz bir gelecek sa\u011flamaya kararl\u0131y\u0131z.<\/p>\n\t\t\t\t\t\t\t\t\t\t\r\n\t\t\t\t\t\t\t\t\t<\/div>\r\n\t\t\t\t\t\t\t\t\t\t\t\t\t\t\t<\/div>\r\n\t\t\t\t\t\t<\/div>\r\n\t\t\t\t\t<\/div>\r\n\t\t\t\t<\/div>\r\n\t\t\t<\/div>\r\n\t\t<\/div>\r\n\t<\/div>\r\n<\/section>\n\n\r\n<section class=\"section-go-back hide-mobile footer-space-pd\">\r\n\t<div class=\"container\">\r\n\t\t<div class=\"row flex align-i-end justify-c-center\">\r\n\t\t\t<div class=\"cl-12\">\r\n\t\t\t\t<a href=\"https:\/\/kusadasicruiseport.com\/tr\/liman\/\">\r\n\t\t\t\t\t<svg xmlns=\"http:\/\/www.w3.org\/2000\/svg\" width=\"18.142\" height=\"18.142\" viewBox=\"0 0 18.142 18.142\"><g id=\"Icon_Go-Back-arrow-up-right\" data-name=\"Icon feather-arrow-up-right\" transform=\"translate(9.071 30.991) rotate(-135)\"><path id=\"Path_3\" data-name=\"Path 3\" d=\"M10.5,20.5l10-10\" fill=\"none\" stroke=\"#000\" stroke-linecap=\"round\" stroke-linejoin=\"round\" stroke-width=\"2\"\/><path id=\"Path_4\" data-name=\"Path 4\" d=\"M10.5,10.5h10v10\" fill=\"none\" stroke=\"#000\" stroke-linecap=\"round\" stroke-linejoin=\"round\" stroke-width=\"2\"\/><\/g><\/svg>\r\n\t\t\t\t\tGO BACK\t\t\t\t<\/a>\r\n\t\t\t<\/div>\r\n\t\t<\/div>\r\n\t<\/div>\r\n<\/section>","protected":false},"excerpt":{"rendered":"","protected":false},"author":1,"featured_media":0,"parent":3684,"menu_order":29,"comment_status":"closed","ping_status":"closed","template":"","meta":{"_acf_changed":false,"footnotes":""},"class_list":["post-4356","page","type-page","status-publish","hentry"],"acf":[],"_links":{"self":[{"href":"https:\/\/kusadasicruiseport.com\/tr\/wp-json\/wp\/v2\/pages\/4356","targetHints":{"allow":["GET"]}}],"collection":[{"href":"https:\/\/kusadasicruiseport.com\/tr\/wp-json\/wp\/v2\/pages"}],"about":[{"href":"https:\/\/kusadasicruiseport.com\/tr\/wp-json\/wp\/v2\/types\/page"}],"author":[{"embeddable":true,"href":"https:\/\/kusadasicruiseport.com\/tr\/wp-json\/wp\/v2\/users\/1"}],"replies":[{"embeddable":true,"href":"https:\/\/kusadasicruiseport.com\/tr\/wp-json\/wp\/v2\/comments?post=4356"}],"version-history":[{"count":17,"href":"https:\/\/kusadasicruiseport.com\/tr\/wp-json\/wp\/v2\/pages\/4356\/revisions"}],"predecessor-version":[{"id":8157,"href":"https:\/\/kusadasicruiseport.com\/tr\/wp-json\/wp\/v2\/pages\/4356\/revisions\/8157"}],"up":[{"embeddable":true,"href":"https:\/\/kusadasicruiseport.com\/tr\/wp-json\/wp\/v2\/pages\/3684"}],"wp:attachment":[{"href":"https:\/\/kusadasicruiseport.com\/tr\/wp-json\/wp\/v2\/media?parent=4356"}],"curies":[{"name":"wp","href":"https:\/\/api.w.org\/{rel}","templated":true}]}}