{"id":4262,"date":"2024-03-08T00:13:30","date_gmt":"2024-03-08T00:13:30","guid":{"rendered":"https:\/\/kusadasi.globalcruiseports.com\/contact\/"},"modified":"2026-02-27T09:42:03","modified_gmt":"2026-02-27T09:42:03","slug":"iletisim","status":"publish","type":"page","link":"https:\/\/kusadasicruiseport.com\/tr\/iletisim\/","title":{"rendered":"\u0130leti\u015fim"},"content":{"rendered":"\r\n\r\n<section class=\"section page page-bg-light \">\r\n\t<style>\r\n                .page-header-bg {\r\n                    background-image: url(https:\/\/kusadasicruiseport.com\/wp-content\/uploads\/sites\/34\/2025\/06\/shutterstock_2547484447-scaled-1.jpg);\r\n                    background-size: cover;\r\n                    background-position: center;\r\n                }\r\n\t\t\t\t.hero-content{\r\n\t\t\t\t    top: 50%;\r\n    \t\t\t\tposition: absolute;\r\n    \t\t\t\ttransform: translateY(-50%);\r\n\t\t\t\t}\r\n              <\/style><div class=\"page-header-bg pr\">\t<div class=\"container w100\">\r\n\t\t<div class=\"row flex hero-content\">\r\n\t\t\t<div class=\"cl-12 page-header\">\r\n\t\t\t\t<h5>\r\n\t\t\t\t\u0130leti\u015fim\t\t\t\t<\/h5>\r\n\t\t\t\t<h1><\/h1>\r\n\t\t\t<\/div>\r\n\t\t<\/div>\r\n\t<\/div>\r\n\t<\/div>\r\n<\/section>\n\n\n\n\r\n<section class=\"section section-contact-content page-bg-light\" id=\"contact-page-form\">\r\n\t<div class=\"container\">\r\n\t\t<div class=\"row flex align-i-start justify-c-center\">\r\n\t\t\t<div class=\"cl-5\">\r\n\t\t\t\t<div class=\"contact-content\">\r\n\t\t\t\t\t<h3>Genel M\u00fcd\u00fcrl\u00fck<\/h3>\r\n\t\t\t\t\t<div class=\"d-flex flex-row m-b-20 f-s-18\"><strong class=\"lg-w-15\">Adres\u00a0\u00a0<\/strong><\/div>\r\n<div class=\"d-flex flex-row m-b-20 f-s-18\">Camikebir Mahallesi, Mahmut Esat Bozkurt Cd. No:20, 09400 Ku\u015fadas\u0131\/Ayd\u0131n- Turkey.<\/div>\r\n<div class=\"d-flex flex-row m-b-20 f-s-18\"><strong class=\"lg-w-15\">E-Mail\u00a0 \u00a0 \u00a0<\/strong><\/div>\r\n<div class=\"d-flex flex-row m-b-20 f-s-18\"><a class=\"primary-color\" href=\"mailto:info@egeportkusadasi.com\">info@egeportkusadasi.com<\/a><\/div>\r\n<div class=\"d-flex flex-row m-b-20 f-s-18\"><strong class=\"lg-w-15\">Telefon\u00a0 \u00a0 \u00a0<\/strong><\/div>\r\n<div class=\"d-flex flex-row m-b-20 f-s-18\"><a class=\"primary-color\" href=\"tel:90 256 614 1581\">+ 90 256 614 1581<\/a><\/div>\r\n<div class=\"d-flex flex-row m-b-20 f-s-18\"><strong class=\"lg-w-15\">Fax <\/strong><\/div>\r\n<div class=\"d-flex flex-row m-b-20 f-s-18\"><a class=\"primary-color\" href=\"tel:+ 90 256 614 1310\">+ 90 256 614 1310<\/a><\/div>\r\n&nbsp;\t\t\t\t<\/div>\r\n\t\t\t\t<div class=\"contact-content\">\r\n\t\t\t\t\t<h3>Acil Durum Konta\u011f\u0131<\/h3>\r\n\t\t\t\t\t<div class=\"page-title-wrap m-t-50 p-t-0i p-b-20i w-auto\"><strong>Kaptan Yavuz Og\u00fcn<\/strong><\/div>\r\n<div><\/div>\r\n<div>\r\n<div class=\"d-flex flex-row f-s-18\"><strong class=\"lg-w-15\">E-mail<\/strong><\/div>\r\n<div class=\"d-flex flex-row f-s-18\"><a class=\"primary-color\" href=\"mailto:yavuzo@egeportkusadasi.com\">yavuzo@egeportkusadasi.com<\/a><\/div>\r\n<\/div>\r\n<div class=\"contact-item color-secondGrey\">\r\n<div class=\"d-flex flex-row f-s-18\"><strong class=\"lg-w-15\">Telefon<\/strong><\/div>\r\n<div class=\"d-flex flex-row f-s-18\"><a class=\"primary-color\" href=\"tel:+ 90 532%C2%A0441 80 67\">+ 90 532\u00a0441 80 67<\/a><\/div>\r\n<div class=\"d-flex flex-row m-b-20 f-s-18\">\r\n<div class=\"d-flex flex-column m-r-40\"><strong>Polis <\/strong><\/div>\r\n<div class=\"d-flex flex-column m-r-40\"><a class=\"primary-color\" href=\"tel:112\">112<\/a><\/div>\r\n<div class=\"d-flex flex-column m-r-40\"><strong>\u0130tfaiye<\/strong><strong>\u00a0<\/strong><\/div>\r\n<div class=\"d-flex flex-column m-r-40\"><a class=\"primary-color\" href=\"tel:112\">112<\/a><\/div>\r\n<div class=\"d-flex flex-column m-r-40\"><strong>Ambulans<\/strong><\/div>\r\n<div class=\"d-flex flex-column m-r-40\"><a class=\"primary-color\" href=\"tel:112\">112<\/a><\/div>\r\n<\/div>\r\n<\/div>\t\t\t\t<\/div>\r\n\t\t\t<\/div>\r\n\t\t\t<div class=\"cl-7\">\r\n\t\t\t\t<div class=\"contact-form\">\r\n\t\t\t\t\t<div class=\"contact-form-header\">\r\n\t\t\t\t\t\t<h3>Bizimle \u0130leti\u015fime Ge\u00e7in<\/h3>\r\n\t\t\t\t\t\t<p>Sorular\u0131n\u0131z m\u0131 var? Size yard\u0131mc\u0131 olabiliriz. Liman, hizmetlerimiz, i\u015f birli\u011fi f\u0131rsatlar\u0131 ve daha fazlas\u0131 hakk\u0131nda bilgi almak i\u00e7in bizi aray\u0131n veya e-posta g\u00f6nderin.<\/p>\r\n\t\t\t\t\t<\/div>\r\n\t\t\t\t\t\n<div class=\"wpcf7 no-js\" id=\"wpcf7-f6180-o1\" lang=\"tr-TR\" dir=\"ltr\" data-wpcf7-id=\"6180\">\n<div class=\"screen-reader-response\"><p role=\"status\" aria-live=\"polite\" aria-atomic=\"true\"><\/p> <ul><\/ul><\/div>\n<form action=\"\/tr\/wp-json\/wp\/v2\/pages\/4262#wpcf7-f6180-o1\" method=\"post\" class=\"wpcf7-form init\" aria-label=\"\u0130leti\u015fim Formu\" novalidate=\"novalidate\" data-status=\"init\">\n<fieldset class=\"hidden-fields-container\"><input type=\"hidden\" name=\"_wpcf7\" value=\"6180\" \/><input type=\"hidden\" name=\"_wpcf7_version\" value=\"6.1.5\" \/><input type=\"hidden\" name=\"_wpcf7_locale\" value=\"tr_TR\" \/><input type=\"hidden\" name=\"_wpcf7_unit_tag\" value=\"wpcf7-f6180-o1\" \/><input type=\"hidden\" name=\"_wpcf7_container_post\" value=\"0\" \/><input type=\"hidden\" name=\"_wpcf7_posted_data_hash\" value=\"\" \/><input type=\"hidden\" name=\"_wpcf7_recaptcha_response\" value=\"\" \/>\n<\/fieldset>\n<div class=\"row flex form-group\">\n\t<div class=\"cl-6\">\n\t\t<p><span class=\"wpcf7-form-control-wrap\" data-name=\"form-name\"><input size=\"40\" maxlength=\"400\" class=\"wpcf7-form-control wpcf7-text wpcf7-validates-as-required\" aria-required=\"true\" aria-invalid=\"false\" placeholder=\"Ad\" value=\"\" type=\"text\" name=\"form-name\" \/><\/span>\n\t\t<\/p>\n\t<\/div>\n\t<div class=\"cl-6\">\n\t\t<p><span class=\"wpcf7-form-control-wrap\" data-name=\"form-surname\"><input size=\"40\" maxlength=\"400\" class=\"wpcf7-form-control wpcf7-text wpcf7-validates-as-required\" aria-required=\"true\" aria-invalid=\"false\" placeholder=\"Surname\" value=\"\" type=\"text\" name=\"form-surname\" \/><\/span>\n\t\t<\/p>\n\t<\/div>\n<\/div>\n<div class=\"row flex form-group\">\n\t<div class=\"cl-6\">\n\t\t<p><span class=\"wpcf7-form-control-wrap\" data-name=\"form-email\"><input size=\"40\" maxlength=\"400\" class=\"wpcf7-form-control wpcf7-email wpcf7-validates-as-required wpcf7-text wpcf7-validates-as-email\" aria-required=\"true\" aria-invalid=\"false\" placeholder=\"Email Address\" value=\"\" type=\"email\" name=\"form-email\" \/><\/span>\n\t\t<\/p>\n\t<\/div>\n\t<div class=\"cl-6\">\n\t\t<p><span class=\"wpcf7-form-control-wrap\" data-name=\"form-phone\"><input size=\"40\" maxlength=\"400\" class=\"wpcf7-form-control wpcf7-tel wpcf7-validates-as-required wpcf7-text wpcf7-validates-as-tel\" aria-required=\"true\" aria-invalid=\"false\" placeholder=\"Phone Number\" value=\"\" type=\"tel\" name=\"form-phone\" \/><\/span>\n\t\t<\/p>\n\t<\/div>\n<\/div>\n<div class=\"row flex form-group\">\n\t<div class=\"cl-12\">\n\t\t<p><span class=\"wpcf7-form-control-wrap\" data-name=\"form-subject\"><select class=\"wpcf7-form-control wpcf7-select wpcf7-validates-as-required\" aria-required=\"true\" aria-invalid=\"false\" name=\"form-subject\"><option value=\"Subject\">Subject<\/option><option value=\"Guest Services\">Guest Services<\/option><option value=\"Port Services\">Port Services<\/option><option value=\"Ferry Services\">Ferry Services<\/option><option value=\"Crew Services\">Crew Services<\/option><\/select><\/span>\n\t\t<\/p>\n\t<\/div>\n<\/div>\n<div class=\"row flex form-group\">\n\t<div class=\"cl-12\">\n\t\t<p><span class=\"wpcf7-form-control-wrap\" data-name=\"form-message\"><textarea cols=\"40\" rows=\"10\" maxlength=\"2000\" class=\"wpcf7-form-control wpcf7-textarea\" aria-invalid=\"false\" placeholder=\"Messages\" name=\"form-message\"><\/textarea><\/span>\n\t\t<\/p>\n\t<\/div>\n<\/div>\n<div class=\"row flex form-group\">\n\t<div class=\"cl-7\">\n\t\t<p><span class=\"wpcf7-form-control-wrap\" data-name=\"form-acceptance\"><span class=\"wpcf7-form-control wpcf7-acceptance\"><span class=\"wpcf7-list-item\"><label><input type=\"checkbox\" name=\"form-acceptance\" value=\"1\" aria-invalid=\"false\" \/><span class=\"wpcf7-list-item-label\">By clicking, you acknowledge and agree that your personal data will be handled securely and used exclusively for the purposes outlined in the Privacy Notice, including receiving marketing and promotional communications. You have the right to withdraw your consent or update your preferences at any time.<\/span><\/label><\/span><\/span><\/span>\n\t\t<\/p>\n\t<\/div>\n\t<div class=\"cl-5\">\n\t\t<p><input class=\"wpcf7-form-control wpcf7-submit has-spinner primary-bg-color\" type=\"submit\" value=\"SEND\" \/>\n\t\t<\/p>\n\t<\/div>\n<\/div><div class=\"wpcf7-response-output\" aria-hidden=\"true\"><\/div>\n<\/form>\n<\/div>\n\t\t\t\t<\/div>\r\n\t\t\t<\/div>\r\n\t\t<\/div>\r\n\t<\/div>\r\n<\/section>\r\n\n\n\r\n<style>\r\n\t.section-contact .page-header-bg {\r\n\t\tbackground-image: url(https:\/\/kusadasicruiseport.com\/wp-content\/uploads\/sites\/34\/2024\/03\/useful-communication.jpg);\r\n\t}\r\n<\/style>\r\n\r\n<section class=\"section section-contact page page-bg-light \">\r\n\t<div class=\"page-header-bg flex align-i-center justify-c-start\">\r\n\t\t<div class=\"container w100\">\r\n\t\t\t<div class=\"row flex\">\r\n\t\t\t\t<div class=\"cl-12 page-header\">\r\n\t\t\t\t\t<h1>Faydal\u0131 \u0130leti\u015fim<\/h1>\r\n\t\t\t\t\t<p>Ekibimizle ve liman i\u015f ortaklar\u0131m\u0131zla ileti\u015fime ge\u00e7mek i\u00e7in bu listeyi g\u00f6r\u00fcnt\u00fcleyin.<\/p>\r\n\t\t\t\t<\/div>\r\n\t\t\t<\/div>\r\n\t\t<\/div>\r\n\t<\/div>\r\n\t<div class=\"page-content-wrapper\">\r\n\t\t<div class=\"container\">\r\n\t\t\t<div class=\"row flex align-i-center justify-c-center\">\r\n\t\t\t\t<div class=\"cl-10\">\r\n\t\t\t\t\t<div class=\"page-bg-white\">\r\n\t\t\t\t\t\t<div class=\"section-contact-useful-communication accordion accordion-ii\">\r\n\t\t\t\t\t\t\t\t\t\t\t\t\t\t\t<div class=\"accordion-header accordion-header-sm black-arrow active first-item\">\r\n\t\t\t\t\t\t\t\t\t<div class=\"row flex\">\r\n\t\t\t\t\t\t\t\t\t\t<div class=\"cl-12\">\r\n\t\t\t\t\t\t\t\t\t\t\tAcil Durum \u0130leti\u015fim Numaralar\u0131\t\t\t\t\t\t\t\t\t\t<\/div>\r\n\t\t\t\t\t\t\t\t\t<\/div>\r\n\t\t\t\t\t\t\t\t<\/div>\r\n\t\t\t\t\t\t\t\t<div class=\"desktop-accordion-content accordion-content active\">\r\n\t\t\t\t\t\t\t\t\t<div class=\"row flex\">\r\n\t\t\t\t\t\t\t\t\t\t<div class=\"cl-12 accordion-content-light\">\r\n\t\t\t\t\t\t\t\t\t\t\t\t\t\t\t\t\t\t\t\t\t\t\t<div class=\"section-contact-useful-communication-tab-item\">\r\n\t\t\t\t\t\t\t\t\t\t\t\t\t<span class=\"title\">Polis<\/span>\r\n\t\t\t\t\t\t\t\t\t\t\t\t\t<span class=\"content\"><p>112<\/p>\n<\/span>\r\n\t\t\t\t\t\t\t\t\t\t\t\t<\/div>\r\n\t\t\t\t\t\t\t\t\t\t\t\t\t\t\t\t\t\t\t\t\t\t\t<div class=\"section-contact-useful-communication-tab-item\">\r\n\t\t\t\t\t\t\t\t\t\t\t\t\t<span class=\"title\">Jandarma<\/span>\r\n\t\t\t\t\t\t\t\t\t\t\t\t\t<span class=\"content\"><p>112<\/p>\n<\/span>\r\n\t\t\t\t\t\t\t\t\t\t\t\t<\/div>\r\n\t\t\t\t\t\t\t\t\t\t\t\t\t\t\t\t\t\t\t\t\t\t\t<div class=\"section-contact-useful-communication-tab-item\">\r\n\t\t\t\t\t\t\t\t\t\t\t\t\t<span class=\"title\">Ambulans<\/span>\r\n\t\t\t\t\t\t\t\t\t\t\t\t\t<span class=\"content\"><p>112<\/p>\n<\/span>\r\n\t\t\t\t\t\t\t\t\t\t\t\t<\/div>\r\n\t\t\t\t\t\t\t\t\t\t\t\t\t\t\t\t\t\t\t\t\t\t\t<div class=\"section-contact-useful-communication-tab-item\">\r\n\t\t\t\t\t\t\t\t\t\t\t\t\t<span class=\"title\">\u0130tfaiye<\/span>\r\n\t\t\t\t\t\t\t\t\t\t\t\t\t<span class=\"content\"><p>112<\/p>\n<\/span>\r\n\t\t\t\t\t\t\t\t\t\t\t\t<\/div>\r\n\t\t\t\t\t\t\t\t\t\t\t\t\t\t\t\t\t\t\t\t\t\t\t<div class=\"section-contact-useful-communication-tab-item\">\r\n\t\t\t\t\t\t\t\t\t\t\t\t\t<span class=\"title\">Trafik Polisi<\/span>\r\n\t\t\t\t\t\t\t\t\t\t\t\t\t<span class=\"content\"><p>112<\/p>\n<\/span>\r\n\t\t\t\t\t\t\t\t\t\t\t\t<\/div>\r\n\t\t\t\t\t\t\t\t\t\t\t\t\t\t\t\t\t\t\t\t\t<\/div>\r\n\t\t\t\t\t\t\t\t\t<\/div>\r\n\t\t\t\t\t\t\t\t<\/div>\r\n\t\t\t\t\t\t\t\t\t\t\t\t\t\t\t<div class=\"accordion-header accordion-header-sm black-arrow \">\r\n\t\t\t\t\t\t\t\t\t<div class=\"row flex\">\r\n\t\t\t\t\t\t\t\t\t\t<div class=\"cl-12\">\r\n\t\t\t\t\t\t\t\t\t\t\t\u00d6nemli \u0130leti\u015fim Numaralar\u0131\t\t\t\t\t\t\t\t\t\t<\/div>\r\n\t\t\t\t\t\t\t\t\t<\/div>\r\n\t\t\t\t\t\t\t\t<\/div>\r\n\t\t\t\t\t\t\t\t<div class=\"desktop-accordion-content accordion-content \">\r\n\t\t\t\t\t\t\t\t\t<div class=\"row flex\">\r\n\t\t\t\t\t\t\t\t\t\t<div class=\"cl-12 accordion-content-light\">\r\n\t\t\t\t\t\t\t\t\t\t\t\t\t\t\t\t\t\t\t\t\t\t\t<div class=\"section-contact-useful-communication-tab-item\">\r\n\t\t\t\t\t\t\t\t\t\t\t\t\t<span class=\"title\">Ku\u015fadas\u0131 Turizm Dan\u0131\u015fma B\u00fcrosu<\/span>\r\n\t\t\t\t\t\t\t\t\t\t\t\t\t<span class=\"content\"><p>+90 (256) 614 11 03<\/p>\n<\/span>\r\n\t\t\t\t\t\t\t\t\t\t\t\t<\/div>\r\n\t\t\t\t\t\t\t\t\t\t\t\t\t\t\t\t\t\t\t\t\t\t\t<div class=\"section-contact-useful-communication-tab-item\">\r\n\t\t\t\t\t\t\t\t\t\t\t\t\t<span class=\"title\">Ku\u015fadas\u0131 Belediyesi<\/span>\r\n\t\t\t\t\t\t\t\t\t\t\t\t\t<span class=\"content\"><p>+90 (256) 460 40 40<\/p>\n<\/span>\r\n\t\t\t\t\t\t\t\t\t\t\t\t<\/div>\r\n\t\t\t\t\t\t\t\t\t\t\t\t\t\t\t\t\t\t\t\t\t\t\t<div class=\"section-contact-useful-communication-tab-item\">\r\n\t\t\t\t\t\t\t\t\t\t\t\t\t<span class=\"title\">Ku\u015fadas\u0131 Kaymakaml\u0131\u011f\u0131<\/span>\r\n\t\t\t\t\t\t\t\t\t\t\t\t\t<span class=\"content\"><p>+90 (256) 614 69 92<\/p>\n<\/span>\r\n\t\t\t\t\t\t\t\t\t\t\t\t<\/div>\r\n\t\t\t\t\t\t\t\t\t\t\t\t\t\t\t\t\t\t\t\t\t\t\t<div class=\"section-contact-useful-communication-tab-item\">\r\n\t\t\t\t\t\t\t\t\t\t\t\t\t<span class=\"title\">Ku\u015fadas\u0131 \u0130l\u00e7e Emniyet M\u00fcd\u00fcrl\u00fc\u011f\u00fc<\/span>\r\n\t\t\t\t\t\t\t\t\t\t\t\t\t<span class=\"content\"><p>+90 (256) 614 13 82<\/p>\n<\/span>\r\n\t\t\t\t\t\t\t\t\t\t\t\t<\/div>\r\n\t\t\t\t\t\t\t\t\t\t\t\t\t\t\t\t\t\t\t\t\t\t\t<div class=\"section-contact-useful-communication-tab-item\">\r\n\t\t\t\t\t\t\t\t\t\t\t\t\t<span class=\"title\">Posta Ofisi<\/span>\r\n\t\t\t\t\t\t\t\t\t\t\t\t\t<span class=\"content\"><p>+90 (256) 614 12 12<\/p>\n<\/span>\r\n\t\t\t\t\t\t\t\t\t\t\t\t<\/div>\r\n\t\t\t\t\t\t\t\t\t\t\t\t\t\t\t\t\t\t\t\t\t\t\t<div class=\"section-contact-useful-communication-tab-item\">\r\n\t\t\t\t\t\t\t\t\t\t\t\t\t<span class=\"title\">Ku\u015fadas\u0131 Liman Ba\u015fkanl\u0131\u011f\u0131<\/span>\r\n\t\t\t\t\t\t\t\t\t\t\t\t\t<span class=\"content\"><p>+90 (256) 614 10 25<\/p>\n<\/span>\r\n\t\t\t\t\t\t\t\t\t\t\t\t<\/div>\r\n\t\t\t\t\t\t\t\t\t\t\t\t\t\t\t\t\t\t\t\t\t\t\t<div class=\"section-contact-useful-communication-tab-item\">\r\n\t\t\t\t\t\t\t\t\t\t\t\t\t<span class=\"title\">\u0130zmir Adnan Menderes Havaliman\u0131<\/span>\r\n\t\t\t\t\t\t\t\t\t\t\t\t\t<span class=\"content\"><p>+90 (232) 274 26 26<\/p>\n<\/span>\r\n\t\t\t\t\t\t\t\t\t\t\t\t<\/div>\r\n\t\t\t\t\t\t\t\t\t\t\t\t\t\t\t\t\t\t\t\t\t\t\t<div class=\"section-contact-useful-communication-tab-item\">\r\n\t\t\t\t\t\t\t\t\t\t\t\t\t<span class=\"title\">Ku\u015fadas\u0131 Otogar\u0131<\/span>\r\n\t\t\t\t\t\t\t\t\t\t\t\t\t<span class=\"content\"><p>+90 (256) 614 39 81<\/p>\n<\/span>\r\n\t\t\t\t\t\t\t\t\t\t\t\t<\/div>\r\n\t\t\t\t\t\t\t\t\t\t\t\t\t\t\t\t\t\t\t\t\t<\/div>\r\n\t\t\t\t\t\t\t\t\t<\/div>\r\n\t\t\t\t\t\t\t\t<\/div>\r\n\t\t\t\t\t\t\t\t\t\t\t\t\t\t\t<div class=\"accordion-header accordion-header-sm black-arrow \">\r\n\t\t\t\t\t\t\t\t\t<div class=\"row flex\">\r\n\t\t\t\t\t\t\t\t\t\t<div class=\"cl-12\">\r\n\t\t\t\t\t\t\t\t\t\t\tKu\u015fadas\u0131 Sa\u011fl\u0131k Hizmetleri ve Hastaneler\t\t\t\t\t\t\t\t\t\t<\/div>\r\n\t\t\t\t\t\t\t\t\t<\/div>\r\n\t\t\t\t\t\t\t\t<\/div>\r\n\t\t\t\t\t\t\t\t<div class=\"desktop-accordion-content accordion-content \">\r\n\t\t\t\t\t\t\t\t\t<div class=\"row flex\">\r\n\t\t\t\t\t\t\t\t\t\t<div class=\"cl-12 accordion-content-light\">\r\n\t\t\t\t\t\t\t\t\t\t\t\t\t\t\t\t\t\t\t\t\t\t\t<div class=\"section-contact-useful-communication-tab-item\">\r\n\t\t\t\t\t\t\t\t\t\t\t\t\t<span class=\"title\">Ku\u015fadas\u0131 Devlet Hastanesi<\/span>\r\n\t\t\t\t\t\t\t\t\t\t\t\t\t<span class=\"content\"><p>+90 (256) 618 24 14<\/p>\n<\/span>\r\n\t\t\t\t\t\t\t\t\t\t\t\t<\/div>\r\n\t\t\t\t\t\t\t\t\t\t\t\t\t\t\t\t\t\t\t\t\t\t\t<div class=\"section-contact-useful-communication-tab-item\">\r\n\t\t\t\t\t\t\t\t\t\t\t\t\t<span class=\"title\">\u00d6zel Egemed Ku\u015fadas\u0131 Hastanesi<\/span>\r\n\t\t\t\t\t\t\t\t\t\t\t\t\t<span class=\"content\"><p>444 1 081<\/p>\n<\/span>\r\n\t\t\t\t\t\t\t\t\t\t\t\t<\/div>\r\n\t\t\t\t\t\t\t\t\t\t\t\t\t\t\t\t\t\t\t\t\t\t\t<div class=\"section-contact-useful-communication-tab-item\">\r\n\t\t\t\t\t\t\t\t\t\t\t\t\t<span class=\"title\">\u00d6zel G\u00f6zde Hastanesi<\/span>\r\n\t\t\t\t\t\t\t\t\t\t\t\t\t<span class=\"content\"><p>+90 (256) 610 00 44<\/p>\n<\/span>\r\n\t\t\t\t\t\t\t\t\t\t\t\t<\/div>\r\n\t\t\t\t\t\t\t\t\t\t\t\t\t\t\t\t\t\t\t\t\t\t\t<div class=\"section-contact-useful-communication-tab-item\">\r\n\t\t\t\t\t\t\t\t\t\t\t\t\t<span class=\"title\">\u00d6zel Adag\u00f6z T\u0131p Merkezi<\/span>\r\n\t\t\t\t\t\t\t\t\t\t\t\t\t<span class=\"content\"><p>+90 (256) 614 65 65<\/p>\n<\/span>\r\n\t\t\t\t\t\t\t\t\t\t\t\t<\/div>\r\n\t\t\t\t\t\t\t\t\t\t\t\t\t\t\t\t\t\t\t\t\t\t\t<div class=\"section-contact-useful-communication-tab-item\">\r\n\t\t\t\t\t\t\t\t\t\t\t\t\t<span class=\"title\">Ku\u015fadas\u0131 Lotus Dental Klinik<\/span>\r\n\t\t\t\t\t\t\t\t\t\t\t\t\t<span class=\"content\"><p>+90 (256) 614 77 80<\/p>\n<\/span>\r\n\t\t\t\t\t\t\t\t\t\t\t\t<\/div>\r\n\t\t\t\t\t\t\t\t\t\t\t\t\t\t\t\t\t\t\t\t\t<\/div>\r\n\t\t\t\t\t\t\t\t\t<\/div>\r\n\t\t\t\t\t\t\t\t<\/div>\r\n\t\t\t\t\t\t\t\t\t\t\t\t\t<\/div>\r\n\t\t\t\t\t<\/div>\r\n\t\t\t\t<\/div>\r\n\t\t\t<\/div>\r\n\t\t<\/div>\r\n\t<\/div>\r\n<\/section>\r\n\r\n\r\n\r\n<script>\r\n\tdocument.addEventListener(\"DOMContentLoaded\", function() {\r\n\t\tif (window.innerWidth <= 600) {\r\n\t\t\tdocument.querySelectorAll(\".accordion\").forEach(function(accordion) {\r\n\t\t\t\tconst headers = accordion.querySelectorAll(\".accordion-header\");\r\n\t\t\t\tlet contents = accordion.querySelectorAll(\".desktop-accordion-content\");\r\n\t\t\t\theaders.forEach((header, index) => {\r\n\t\t\t\t\theader.addEventListener(\"click\", function() {\r\n\t\t\t\t\t\tif (contents[index].classList.contains(\"active\")) {\r\n\t\t\t\t\t\t\tcontents[index].classList.remove(\"active\");\r\n\t\t\t\t\t\t\theader.classList.remove(\"active\");\r\n\t\t\t\t\t\t} else {\r\n\t\t\t\t\t\t\tcontents.forEach((c) => c.classList.remove(\"active\"));\r\n\t\t\t\t\t\t\theaders.forEach((h) => h.classList.remove(\"active\"));\r\n\t\t\t\t\t\t\tcontents[index].classList.add(\"active\");\r\n\t\t\t\t\t\t\theader.classList.add(\"active\");\r\n\t\t\t\t\t\t}\r\n\t\t\t\t\t});\r\n\t\t\t\t});\r\n\t\t\t});\r\n\t\t}\r\n\t});\r\n<\/script>\n\n\n<p><\/p>\n","protected":false},"excerpt":{"rendered":"","protected":false},"author":1,"featured_media":0,"parent":0,"menu_order":9,"comment_status":"closed","ping_status":"closed","template":"","meta":{"_acf_changed":false,"footnotes":""},"class_list":["post-4262","page","type-page","status-publish","hentry"],"acf":[],"_links":{"self":[{"href":"https:\/\/kusadasicruiseport.com\/tr\/wp-json\/wp\/v2\/pages\/4262","targetHints":{"allow":["GET"]}}],"collection":[{"href":"https:\/\/kusadasicruiseport.com\/tr\/wp-json\/wp\/v2\/pages"}],"about":[{"href":"https:\/\/kusadasicruiseport.com\/tr\/wp-json\/wp\/v2\/types\/page"}],"author":[{"embeddable":true,"href":"https:\/\/kusadasicruiseport.com\/tr\/wp-json\/wp\/v2\/users\/1"}],"replies":[{"embeddable":true,"href":"https:\/\/kusadasicruiseport.com\/tr\/wp-json\/wp\/v2\/comments?post=4262"}],"version-history":[{"count":18,"href":"https:\/\/kusadasicruiseport.com\/tr\/wp-json\/wp\/v2\/pages\/4262\/revisions"}],"predecessor-version":[{"id":8174,"href":"https:\/\/kusadasicruiseport.com\/tr\/wp-json\/wp\/v2\/pages\/4262\/revisions\/8174"}],"wp:attachment":[{"href":"https:\/\/kusadasicruiseport.com\/tr\/wp-json\/wp\/v2\/media?parent=4262"}],"curies":[{"name":"wp","href":"https:\/\/api.w.org\/{rel}","templated":true}]}}