{"id":4082,"date":"2024-02-12T08:52:13","date_gmt":"2024-02-12T08:52:13","guid":{"rendered":"https:\/\/kusadasi.globalcruiseports.com\/cookies\/"},"modified":"2025-07-07T13:00:51","modified_gmt":"2025-07-07T13:00:51","slug":"cerezler","status":"publish","type":"page","link":"https:\/\/kusadasicruiseport.com\/tr\/cerezler\/","title":{"rendered":"\u00c7erez Ayd\u0131nlatma Metni"},"content":{"rendered":"\r\n<section class=\"section page page-policy footer-space-mr \">\r\n\t<div class=\"container\">\r\n\t    <div class=\"row flex align-i-end\">\r\n        <div class=\"cl-5 page-header\">\r\n            <h5>\u00c7EREZLER<\/h5>\r\n            <h1>\r\n                \u00c7erez <br \/>\r\n                <span class=\"primary-color\">Ayd\u0131nlatma Metni<\/span>\r\n            <\/h1>\r\n        <\/div>\r\n        <div class=\"cl-7 page-description\">\r\n            Biz ve i\u015f ortaklar\u0131m\u0131z, hizmetlerimizi geli\u015ftirmek, kullan\u0131c\u0131 deneyimini iyile\u015ftirmek ve bu web sitesi genelinde i\u00e7erik ile reklamlar\u0131 ki\u015fiselle\u015ftirmek amac\u0131yla cihaz\u0131n\u0131zdaki hassas olmayan bilgilere \u00e7erezler arac\u0131l\u0131\u011f\u0131yla eri\u015fir, bu bilgileri kullan\u0131r ve saklar\u0131z. Bu i\u015flemlerin tamam\u0131n\u0131 veya bir k\u0131sm\u0131n\u0131 kabul edebilirsiniz. \u00c7erezler, i\u015f ortaklar\u0131m\u0131z ve ki\u015fisel verilerinizi nas\u0131l i\u015fledi\u011fimiz hakk\u0131nda detayl\u0131 bilgi i\u00e7in l\u00fctfen Ayd\u0131nlatma Metnimize ba\u015fvurunuz.        <\/div>\r\n    <\/div>\r\n\t\t<div class=\"row flex page-sub-menu\">\r\n\t\t\t<div class=\"cl-12\">\r\n\t\t\t\t<ul class=\"flex align-i-center justify-c-center\">\r\n\t\t\t\t\t<li id=\"menu-item-7956\" class=\"menu-item menu-item-type-post_type menu-item-object-page menu-item-7956\"><a href=\"https:\/\/kusadasicruiseport.com\/tr\/aydinlatma-metni\/\">Ayd\u0131nlatma Metni<\/a><\/li>\n<li id=\"menu-item-7955\" class=\"menu-item menu-item-type-post_type menu-item-object-page menu-item-7955\"><a href=\"https:\/\/kusadasicruiseport.com\/tr\/yasal-bildirim\/\">Yasal Bildirim<\/a><\/li>\n<li id=\"menu-item-7954\" class=\"menu-item menu-item-type-post_type menu-item-object-page menu-item-7954\"><a href=\"https:\/\/kusadasicruiseport.com\/tr\/cerezler\/\">\u00c7erez Ayd\u0131nlatma Metni<\/a><\/li>\n\t\t\t\t<\/ul>\r\n\t\t\t<\/div>\r\n\t\t<\/div>\r\n\t\t<div class=\"row flex page-content justify-c-center\">\r\n\t\t\t<div class=\"cl-10 text-justify\">\r\n\t\t\t\tBiz ve i\u015f ortaklar\u0131m\u0131z, hizmetlerimizi geli\u015ftirmek, kullan\u0131c\u0131 deneyimini iyile\u015ftirmek ve bu web sitesi genelinde i\u00e7erik ile reklamlar\u0131 ki\u015fiselle\u015ftirmek amac\u0131yla cihaz\u0131n\u0131zdaki hassas olmayan bilgilere \u00e7erezler arac\u0131l\u0131\u011f\u0131yla eri\u015fir, bu bilgileri kullan\u0131r ve saklar\u0131z. Bu i\u015flemlerin tamam\u0131n\u0131 veya bir k\u0131sm\u0131n\u0131 kabul edebilirsiniz. \u00c7erezler, i\u015f ortaklar\u0131m\u0131z ve ki\u015fisel verilerinizi nas\u0131l i\u015fledi\u011fimiz hakk\u0131nda detayl\u0131 bilgi i\u00e7in l\u00fctfen <strong><a href=\"https:\/\/kusadasicruiseport.com\/tr\/aydinlatma-metni\/\">Ayd\u0131nlatma Metnimize<\/a><\/strong> ba\u015fvurunuz.\r\n\r\n\u00c7erezler, web sitelerinin bilgisayar\u0131n\u0131za veya mobil cihaz\u0131n\u0131za g\u00f6nderdi\u011fi ve sonraki ziyaretlerinizde kullan\u0131lan k\u00fc\u00e7\u00fck metin dosyalar\u0131d\u0131r. Bu \u00e7erezler, web sitesinin tercihlerinizi ve ger\u00e7ekle\u015ftirdi\u011finiz i\u015flemleri (\u00f6rne\u011fin, giri\u015f bilgileri, dil ayarlar\u0131, yaz\u0131 tipi boyutlar\u0131 ve di\u011fer g\u00f6r\u00fcnt\u00fcleme tercihleri) hat\u0131rlamas\u0131n\u0131 sa\u011flar; b\u00f6ylece siteyi her ziyaret etti\u011finizde bu bilgileri yeniden girmenize gerek kalmaz.\r\n\r\n\u00c7erezler; elektronik kimlik do\u011frulama, oturum y\u00f6netimi ve web sitesindeki faaliyetlerinize ili\u015fkin bilgilerin saklanmas\u0131 gibi \u00e7e\u015fitli ama\u00e7lara hizmet eder. Ayr\u0131ca, istatistiksel analiz veya reklam ama\u00e7lar\u0131yla tarama davran\u0131\u015f\u0131n\u0131z\u0131 izleyen benzersiz bir tan\u0131mlay\u0131c\u0131 da i\u00e7erebilirler. Bunun yan\u0131nda, internet \u00fczerinde gezinirken, ziyaret etti\u011finiz siteyle do\u011frudan ili\u015fkili olmayan \u00fc\u00e7\u00fcnc\u00fc taraf web siteleri veya sunucular taraf\u0131ndan da \u00e7erezler alabilirsiniz.\r\n\r\n\u00c7erezler, \u00f6zelliklerine ve i\u015flevlerine g\u00f6re farkl\u0131 t\u00fcrlere ayr\u0131l\u0131r ve cihaz\u0131n\u0131zda farkl\u0131 s\u00fcrelerle kalabilirler. \u201cOturum \u00e7erezleri\u201d ge\u00e7icidir ve taray\u0131c\u0131n\u0131z\u0131 kapatt\u0131\u011f\u0131n\u0131zda silinirken, \u201ckal\u0131c\u0131 \u00e7erezler\u201d belirli bir s\u00fcre boyunca cihaz\u0131n\u0131zda kal\u0131r veya siz onlar\u0131 manuel olarak silene kadar saklan\u0131r.\r\n\r\nY\u00fcr\u00fcrl\u00fckteki mevzuata ba\u011fl\u0131 olarak, bir web sitesinde \u00e7erez kullan\u0131m\u0131 i\u00e7in her zaman a\u00e7\u0131k r\u0131zan\u0131z gerekmez. \u00d6rne\u011fin, elektronik ileti\u015fim i\u00e7in gerekli olan veya talep etti\u011finiz bir hizmetin sa\u011flanmas\u0131 amac\u0131yla kullan\u0131lan \u201cteknik \u00e7erezler\u201d genellikle kullan\u0131c\u0131 onay\u0131 gerektirmez. Bu \u00e7erezlere, kullan\u0131c\u0131lar\u0131n oturum a\u00e7mas\u0131na imk\u00e2n tan\u0131yan gezinme veya oturum \u00e7erezleri ile dil tercihleri veya sat\u0131n alma amac\u0131yla se\u00e7ilen \u00fcr\u00fcnler gibi kullan\u0131c\u0131 tercihlerinin hat\u0131rlanmas\u0131n\u0131 sa\u011flayan i\u015flevsel \u00e7erezler dahildir.\r\n\r\nBuna kar\u015f\u0131l\u0131k, tarama davran\u0131\u015flar\u0131na dayal\u0131 olarak kullan\u0131c\u0131 profilleri olu\u015fturmak ve hedefli reklamlar sunmak amac\u0131yla kullan\u0131lan \u201cprofil olu\u015fturma \u00e7erezleri\u201d genellikle a\u00e7\u0131k kullan\u0131c\u0131 r\u0131zas\u0131 gerektirir; ancak bu gereklilik, yetki alan\u0131na (yarg\u0131 b\u00f6lgesine) g\u00f6re de\u011fi\u015fiklik g\u00f6sterebilir.\r\n\r\nWeb sitemizde a\u015fa\u011f\u0131daki \u00e7erez t\u00fcrleri kullan\u0131lmaktad\u0131r:\r\n<ul>\r\n \t<li><strong>Teknik \u00e7erezler:<\/strong> Web sitesinin d\u00fczg\u00fcn \u00e7al\u0131\u015fmas\u0131 ve i\u00e7erik ile hizmetlere eri\u015fimin sa\u011flanmas\u0131 i\u00e7in zorunludur.<\/li>\r\n \t<li><strong>Analitik \u00e7erezler:<\/strong> Kullan\u0131c\u0131lar\u0131n web sitesiyle nas\u0131l etkile\u015fim kurdu\u011funu anlamam\u0131za ve siteye gelen\/giden trafi\u011fi izlememize yard\u0131mc\u0131 olur.<\/li>\r\n \t<li><strong>Pazarlama\/profil olu\u015fturma \u00e7erezleri:<\/strong> Tarama tercihlerinize g\u00f6re kullan\u0131c\u0131 profilleri olu\u015fturmak ve hedefli reklamlar sunmak amac\u0131yla kullan\u0131l\u0131r.<\/li>\r\n<\/ul>\r\n&nbsp;\r\n\r\n\u00c7erezlere ek olarak, web sitemizde \u201cpiksel\u201d ad\u0131 verilen k\u00fc\u00e7\u00fck kod par\u00e7ac\u0131klar\u0131 da kullanmaktay\u0131z. Piksel teknolojisi, bizim ve \u00fc\u00e7\u00fcnc\u00fc taraflar\u0131n kullan\u0131c\u0131 davran\u0131\u015flar\u0131n\u0131 izlemesine ve kullan\u0131c\u0131lar\u0131n web sitemizle nas\u0131l etkile\u015fimde bulundu\u011funa ili\u015fkin bilgi toplamas\u0131na olanak tan\u0131r. Genellikle ki\u015fiselle\u015ftirilmi\u015f reklamc\u0131l\u0131k ve web sitesi analizleri amac\u0131yla kullan\u0131lan bu pikseller; sayfa g\u00f6r\u00fcnt\u00fcleme, t\u0131klama gibi eylemleri takip edebilir.\t\t\t<\/div>\r\n\t\t<\/div>\r\n\t<\/div>\r\n<\/section>","protected":false},"excerpt":{"rendered":"","protected":false},"author":1,"featured_media":0,"parent":0,"menu_order":10,"comment_status":"closed","ping_status":"closed","template":"","meta":{"_acf_changed":false,"footnotes":""},"class_list":["post-4082","page","type-page","status-publish","hentry"],"acf":[],"_links":{"self":[{"href":"https:\/\/kusadasicruiseport.com\/tr\/wp-json\/wp\/v2\/pages\/4082","targetHints":{"allow":["GET"]}}],"collection":[{"href":"https:\/\/kusadasicruiseport.com\/tr\/wp-json\/wp\/v2\/pages"}],"about":[{"href":"https:\/\/kusadasicruiseport.com\/tr\/wp-json\/wp\/v2\/types\/page"}],"author":[{"embeddable":true,"href":"https:\/\/kusadasicruiseport.com\/tr\/wp-json\/wp\/v2\/users\/1"}],"replies":[{"embeddable":true,"href":"https:\/\/kusadasicruiseport.com\/tr\/wp-json\/wp\/v2\/comments?post=4082"}],"version-history":[{"count":17,"href":"https:\/\/kusadasicruiseport.com\/tr\/wp-json\/wp\/v2\/pages\/4082\/revisions"}],"predecessor-version":[{"id":7265,"href":"https:\/\/kusadasicruiseport.com\/tr\/wp-json\/wp\/v2\/pages\/4082\/revisions\/7265"}],"wp:attachment":[{"href":"https:\/\/kusadasicruiseport.com\/tr\/wp-json\/wp\/v2\/media?parent=4082"}],"curies":[{"name":"wp","href":"https:\/\/api.w.org\/{rel}","templated":true}]}}