{"id":4053,"date":"2024-02-12T08:51:57","date_gmt":"2024-02-12T08:51:57","guid":{"rendered":"https:\/\/kusadasi.globalcruiseports.com\/legal-information\/"},"modified":"2025-07-07T12:58:36","modified_gmt":"2025-07-07T12:58:36","slug":"yasal-bildirim","status":"publish","type":"page","link":"https:\/\/kusadasicruiseport.com\/tr\/yasal-bildirim\/","title":{"rendered":"Yasal Bildirim"},"content":{"rendered":"\r\n<section class=\"section page page-policy footer-space-mr \">\r\n\t<div class=\"container\">\r\n\t    <div class=\"row flex align-i-end\">\r\n        <div class=\"cl-5 page-header\">\r\n            <h5>YASAL B\u0130LD\u0130R\u0130M<\/h5>\r\n            <h1>\r\n                Yasal<br \/>\r\n                <span class=\"primary-color\">Bildirim<\/span>\r\n            <\/h1>\r\n        <\/div>\r\n        <div class=\"cl-7 page-description\">\r\n            Ege Liman \u0130\u015fletmeleri Anonim \u015eirketi\u2019ne (\u201cEge Port Ku\u015fadas\u0131\u201d) ait olan web sitemize (\u201cSite\u201d) ho\u015f geldiniz. Ege Port Ku\u015fadas\u0131, bu web sitesini ziyaret\u00e7ilerinin hizmetine a\u015fa\u011f\u0131daki Site Kullan\u0131m H\u00fck\u00fcm ve \u015eartlar\u0131 (\u201cHizmet \u015eartlar\u0131\u201d) \u00e7er\u00e7evesinde sunmaktad\u0131r. Bu Siteden yararlan\u0131rken Hizmet \u015eartlar\u0131\u2019n\u0131 kabul etmi\u015f say\u0131l\u0131rs\u0131n\u0131z, Hizmet \u015eartlar\u0131\u2019n\u0131 kabul etmedi\u011finiz takdirde Siteyi kullanmaman\u0131z \u00f6nerilir. Ege Port Ku\u015fadas\u0131, Site i\u00e7eri\u011fi ve i\u015fbu Hizmet \u015eartlar\u0131 \u00fczerinde \u00f6nceden bilgi vermeksizin periyodik olarak de\u011fi\u015fiklik yapma hakk\u0131n\u0131 sakl\u0131 tutar.        <\/div>\r\n    <\/div>\r\n\t\t<div class=\"row flex page-sub-menu\">\r\n\t\t\t<div class=\"cl-12\">\r\n\t\t\t\t<ul class=\"flex align-i-center justify-c-center\">\r\n\t\t\t\t\t<li id=\"menu-item-7956\" class=\"menu-item menu-item-type-post_type menu-item-object-page menu-item-7956\"><a href=\"https:\/\/kusadasicruiseport.com\/tr\/aydinlatma-metni\/\">Ayd\u0131nlatma Metni<\/a><\/li>\n<li id=\"menu-item-7955\" class=\"menu-item menu-item-type-post_type menu-item-object-page menu-item-7955\"><a href=\"https:\/\/kusadasicruiseport.com\/tr\/yasal-bildirim\/\">Yasal Bildirim<\/a><\/li>\n<li id=\"menu-item-7954\" class=\"menu-item menu-item-type-post_type menu-item-object-page menu-item-7954\"><a href=\"https:\/\/kusadasicruiseport.com\/tr\/cerezler\/\">\u00c7erez Ayd\u0131nlatma Metni<\/a><\/li>\n\t\t\t\t<\/ul>\r\n\t\t\t<\/div>\r\n\t\t<\/div>\r\n\t\t<div class=\"row flex page-content justify-c-center\">\r\n\t\t\t<div class=\"cl-10 text-justify\">\r\n\t\t\t\tEge Liman \u0130\u015fletmeleri Anonim \u015eirketi\u2019ne (\u201c<strong>Ege Port Ku\u015fadas\u0131<\/strong>\u201d) ait olan web sitemize (\u201c<strong>Site<\/strong>\u201d) ho\u015f geldiniz. Ege Port Ku\u015fadas\u0131, bu web sitesini ziyaret\u00e7ilerinin hizmetine a\u015fa\u011f\u0131daki Site Kullan\u0131m H\u00fck\u00fcm ve \u015eartlar\u0131 (\u201c<strong>Hizmet \u015eartlar\u0131<\/strong>\u201d) \u00e7er\u00e7evesinde sunmaktad\u0131r. Bu Siteden yararlan\u0131rken Hizmet \u015eartlar\u0131\u2019n\u0131 kabul etmi\u015f say\u0131l\u0131rs\u0131n\u0131z, Hizmet \u015eartlar\u0131\u2019n\u0131 kabul etmedi\u011finiz takdirde Siteyi kullanmaman\u0131z \u00f6nerilir. Ege Port Ku\u015fadas\u0131, Site i\u00e7eri\u011fi ve i\u015fbu Hizmet \u015eartlar\u0131 \u00fczerinde \u00f6nceden bilgi vermeksizin periyodik olarak de\u011fi\u015fiklik yapma hakk\u0131n\u0131 sakl\u0131 tutar.\r\n\r\n<strong>Site \u0130\u00e7eri\u011finin Kullan\u0131lmas\u0131<\/strong>\r\n\r\nSite i\u00e7eri\u011fini a\u015fa\u011f\u0131daki ko\u015fullar \u00e7er\u00e7evesinde g\u00f6r\u00fcnt\u00fcleyebilir, indirebilir ve yazd\u0131rabilirsiniz:\r\n\r\n(a) i\u00e7erik yaln\u0131zca bilgi ama\u00e7lar\u0131 do\u011frultusunda kullan\u0131labilir ve\r\n\r\n(b) i\u00e7erik \u00fczerinde hi\u00e7bir \u015fekilde de\u011fi\u015fiklik veya d\u00fczenleme yap\u0131lamaz. Site i\u00e7eri\u011fi yeniden yay\u0131nlanamaz, da\u011f\u0131t\u0131lamaz, t\u00fcrevsel \u00e7al\u0131\u015fmalar\u0131n haz\u0131rlanmas\u0131nda kullan\u0131lamaz veya burada a\u00e7\u0131k\u00e7a izin verilen \u015fekiller d\u0131\u015f\u0131nda hi\u00e7bir \u015fekilde kullan\u0131lamaz.\r\n\r\nEge Port Ku\u015fadas\u0131 web sitesinde yer alan hi\u00e7bir ticari marka, logo veya m\u00fclkiyete haiz di\u011fer bilgileri (g\u00f6r\u00fcnt\u00fc, metin, sayfa \u015fablon veya formlar\u0131 da dahil olmak \u00fczere) Ege Port Ku\u015fadas\u0131 taraf\u0131ndan a\u00e7\u0131k\u00e7a izin verilen haller d\u0131\u015f\u0131nda hi\u00e7bir kullan\u0131m i\u00e7in uyarlanamaz veya s\u00f6z konusu teknikler arac\u0131l\u0131\u011f\u0131yla yarar sa\u011flan\u0131lamaz. Ege Port Ku\u015fadas\u0131\u2019\u0131n ad\u0131n\u0131 veya ticari markalar\u0131n\u0131 i\u00e7eren hi\u00e7bir alt etiket veya di\u011fer \u201cgizli metinler\u201d, Ege Port Ku\u015fadas\u0131 taraf\u0131ndan a\u00e7\u0131k\u00e7a izin verilmedi\u011fi s\u00fcrece kullan\u0131lamaz. Ege Port Ku\u015fadas\u0131 logosuna veya m\u00fclkiyete haiz di\u011fer grafik veya ticari markalar, kesin yaz\u0131l\u0131 izin verilmeksizin hi\u00e7bir ba\u011flant\u0131n\u0131n bir b\u00f6l\u00fcm\u00fc olarak kullan\u0131lamaz.\r\n\r\n<strong>Telif Hakk\u0131<\/strong>\r\n\r\n\u201c<a href=\"https:\/\/www.kusadasicruiseport.com\/\">https:\/\/www.kusadasicruiseport.com\/<\/a>\u201d internet sitesinin her hakk\u0131 sakl\u0131d\u0131r. Ege Port Ku\u015fadas\u0131\u2019\u0131n internet sitesinde bulunan metin, g\u00f6r\u00fcnt\u00fc, grafik, ses dosyalar\u0131, animasyon dosyalar\u0131, video dosyalar\u0131 ve d\u00fczenlemeleri tamamen Telif Hakk\u0131 ve di\u011fer fikri m\u00fclkiyet hakk\u0131 korumalar\u0131na konudur. S\u00f6z konusu materyal ticari kullan\u0131m veya da\u011f\u0131t\u0131m amac\u0131yla kopyalanamayaca\u011f\u0131 gibi, de\u011fi\u015ftirilemez ve di\u011fer web sitelerine g\u00f6nderilemez.\r\n\r\n<strong>Teminat veya Taahh\u00fcts\u00fczl\u00fck<\/strong>\r\n\r\nBu bilgiler Ege Port Ku\u015fadas\u0131 taraf\u0131ndan \u201coldu\u011fu gibi\u201d, hi\u00e7bir z\u0131mni garanti, belirli bir amaca uygunluk veya ihlalsizlik taahh\u00fctleri de dahil olmak (ancak bunlarla s\u0131n\u0131rl\u0131 kalmamak) \u00fczere, herhangi bir ima veya kati teminatta bulunulmaks\u0131z\u0131n sa\u011flanm\u0131\u015ft\u0131r. Sa\u011flanan bilgilerin do\u011fru oldu\u011funa inan\u0131lmakla beraber, hata veya eksiklikler bulunabilir.\r\n\r\n<strong>Lisanss\u0131zl\u0131k<\/strong>\r\n\r\nEge Port Ku\u015fadas\u0131, yenilik\u00e7i ve bilgilendirici bir web sitesi haz\u0131rlamay\u0131 ama\u00e7lam\u0131\u015ft\u0131r. Sizlerin de bu yarat\u0131c\u0131 giri\u015fimden bizler kadar keyif almas\u0131n\u0131 \u00fcmit ediyoruz. Ancak Ege Port Ku\u015fadas\u0131, patent, ticari marka ve telif haklar\u0131 da dahil olmak \u00fczere fikri m\u00fclkiyetini korumak zorunda oldu\u011funu anlay\u0131\u015fla kar\u015f\u0131laman\u0131z\u0131 bekleriz. Dolay\u0131s\u0131yla bu web sitesinin Ege Port Ku\u015fadas\u0131\u2019\u0131n fikri m\u00fclkiyetlerine y\u00f6nelik olarak hi\u00e7bir \u015fekilde lisans vermedi\u011fini takdir etmenizi rica ederiz.\r\n\r\n<strong>Gizlilik Bildirimi<\/strong>\r\n\r\nWeb sitelerimizi ziyaret ederken internet servis sa\u011flay\u0131c\u0131n\u0131z, sitemizi ziyaret etti\u011finiz web sitesi, g\u00fcncel olarak ziyaret etti\u011finiz web siteleri ile ziyaretinizin s\u00fcresi ile tarihi web sunucular\u0131m\u0131z taraf\u0131ndan otomatik olarak kaydedilir. Ege Port Ku\u015fadas\u0131, \u00fcr\u00fcnlerine g\u00f6sterdi\u011finiz ilgiden ve web sitesini ziyaretinizden \u00f6t\u00fcr\u00fc sizlere te\u015fekk\u00fcr ederiz. Gizlili\u011finiz bizler i\u00e7in \u00f6nemlidir ve sitelerimizi ziyaret ederken kendinizi g\u00fcvende hissetmenizi isteriz. Ki\u015fisel verilerinizin i\u015flenmesi s\u0131ras\u0131nda gizlili\u011finizin korunmas\u0131, \u00f6zel olarak dikkat g\u00f6sterdi\u011fimiz bir konudur. Ancak Ege Port Ku\u015fadas\u0131 Web Sitesi, i\u015fbu gizlilik bildiriminin kapsam\u0131na girmeyen di\u011fer web sitelerine ba\u011flant\u0131lar i\u00e7erebilir.\t\t\t<\/div>\r\n\t\t<\/div>\r\n\t<\/div>\r\n<\/section>","protected":false},"excerpt":{"rendered":"","protected":false},"author":1,"featured_media":0,"parent":0,"menu_order":38,"comment_status":"closed","ping_status":"closed","template":"","meta":{"_acf_changed":false,"footnotes":""},"class_list":["post-4053","page","type-page","status-publish","hentry"],"acf":[],"_links":{"self":[{"href":"https:\/\/kusadasicruiseport.com\/tr\/wp-json\/wp\/v2\/pages\/4053","targetHints":{"allow":["GET"]}}],"collection":[{"href":"https:\/\/kusadasicruiseport.com\/tr\/wp-json\/wp\/v2\/pages"}],"about":[{"href":"https:\/\/kusadasicruiseport.com\/tr\/wp-json\/wp\/v2\/types\/page"}],"author":[{"embeddable":true,"href":"https:\/\/kusadasicruiseport.com\/tr\/wp-json\/wp\/v2\/users\/1"}],"replies":[{"embeddable":true,"href":"https:\/\/kusadasicruiseport.com\/tr\/wp-json\/wp\/v2\/comments?post=4053"}],"version-history":[{"count":11,"href":"https:\/\/kusadasicruiseport.com\/tr\/wp-json\/wp\/v2\/pages\/4053\/revisions"}],"predecessor-version":[{"id":7952,"href":"https:\/\/kusadasicruiseport.com\/tr\/wp-json\/wp\/v2\/pages\/4053\/revisions\/7952"}],"wp:attachment":[{"href":"https:\/\/kusadasicruiseport.com\/tr\/wp-json\/wp\/v2\/media?parent=4053"}],"curies":[{"name":"wp","href":"https:\/\/api.w.org\/{rel}","templated":true}]}}