{"id":3994,"date":"2024-03-10T15:15:28","date_gmt":"2024-03-10T15:15:28","guid":{"rendered":"https:\/\/kusadasi.globalcruiseports.com\/events\/"},"modified":"2026-02-27T09:16:10","modified_gmt":"2026-02-27T09:16:10","slug":"etkinlikler","status":"publish","type":"page","link":"https:\/\/kusadasicruiseport.com\/tr\/destinasyon\/etkinlikler\/","title":{"rendered":"Etkinlikler"},"content":{"rendered":"<section class=\"section page page-bg-light \">\r\n\t<style>\r\n                .page-header-bg {\r\n                    background-image: url(https:\/\/kusadasicruiseport.com\/wp-content\/uploads\/sites\/34\/2025\/03\/Gateway-scaled.jpg);\r\n                    background-size: cover;\r\n                    background-position: center;\r\n                }\r\n\t\t\t\t.hero-content{\r\n\t\t\t\t    top: 50%;\r\n    \t\t\t\tposition: absolute;\r\n    \t\t\t\ttransform: translateY(-50%);\r\n\t\t\t\t}\r\n              <\/style><div class=\"page-header-bg pr\">\t<div class=\"container w100\">\r\n\t\t<div class=\"row flex hero-content\">\r\n\t\t\t<div class=\"cl-12 page-header\">\r\n\t\t\t\t<h5 class=\"uppercase\">\r\n\t\t\t\t\tDEST\u0130NASYON >  Etkinlikler\t\t\t\t<\/h5>\r\n\r\n\t\t\t\t<h1><\/h1>\r\n\t\t\t<\/div>\r\n\t\t<\/div>\r\n\t<\/div>\r\n\t<\/div>\r\n<\/section>\r\n\r\n<div class=\"section-page-top-menu-wrapper\">\r\n\t<nav class=\"menu-class\"><ul id=\"menu-destination\" class=\"menu flex align-i-center justify-c-center\"><li id=\"menu-item-906\" class=\"menu-item menu-item-type-post_type menu-item-object-page menu-item-906\"><a href=\"https:\/\/kusadasicruiseport.com\/destination\/events\/\">Etkinlikler<\/a><\/li>\n<li id=\"menu-item-910\" class=\"menu-item menu-item-type-post_type menu-item-object-page menu-item-910\"><a href=\"https:\/\/kusadasicruiseport.com\/destination\/top-attractions\/\">Gez\/G\u00f6r\/E\u011flen<\/a><\/li>\n<li id=\"menu-item-911\" class=\"menu-item menu-item-type-post_type menu-item-object-page menu-item-911\"><a href=\"https:\/\/kusadasicruiseport.com\/destination\/what-to-buy\/\">Ne Al\u0131n\u0131r<\/a><\/li>\n<li id=\"menu-item-908\" class=\"menu-item menu-item-type-post_type menu-item-object-page menu-item-908\"><a href=\"https:\/\/kusadasicruiseport.com\/destination\/short-trips\/\">G\u00fcn\u00fcbirlik Rotalar<\/a><\/li>\n<li id=\"menu-item-909\" class=\"menu-item menu-item-type-post_type menu-item-object-page menu-item-909\"><a href=\"https:\/\/kusadasicruiseport.com\/destination\/special-tips\/\">\u00d6zel \u0130pu\u00e7lar\u0131<\/a><\/li>\n<li id=\"menu-item-907\" class=\"menu-item menu-item-type-post_type menu-item-object-page menu-item-907\"><a href=\"https:\/\/kusadasicruiseport.com\/destination\/shop-dine\/\">Al\u0131\u015fveri\u015f ve Yemek<\/a><\/li>\n<\/ul><\/nav><\/div>\r\n\r\n<script>\r\n\tdocument.addEventListener(\"DOMContentLoaded\", function () {\r\n\t\t\/\/ Sadece mobilde \u00e7al\u0131\u015ft\u0131r\r\n\t\tif (window.innerWidth <= 768) {\r\n\t\t\tvar currentMenuItem = document.querySelector(\"#menu-destination .current-menu-item\");\r\n\t\t\tif (currentMenuItem) {\r\n\t\t\t\tcurrentMenuItem.scrollIntoView({\r\n\t\t\t\t\tbehavior: \"smooth\",\r\n\t\t\t\t\tblock: \"nearest\",\r\n\t\t\t\t\tinline: \"center\"\r\n\t\t\t\t});\r\n\t\t\t}\r\n\t\t}\r\n\t});\r\n<\/script>\r\n\r\n\r\n<section class=\"section section-content-title \">\r\n\t<div class=\"container\">\r\n\t\t<div class=\"row flex align-i-center\">\r\n\t\t\t<div class=\"cl-5\">\r\n\t\t\t\t<h3>ETK\u0130NL\u0130KLER<\/h3>\r\n\t\t\t\t<h2>\r\n\t\t\t\t\t Hadi Bulu\u015fal\u0131m:\t\t\t\t\t<br>\r\n\t\t\t\t\t<span class=\"primary-color\">\u00d6zel Etkinlikler<\/span>\r\n\t\t\t\t<\/h2>\r\n\t\t\t<\/div>\r\n\t\t\t<div class=\"cl-7\">\r\n\t\t\t\t<p class=\"grey-color\">Y\u0131l boyunca keyifle kat\u0131labilece\u011finiz \u00e7e\u015fitli etkinlikler ve deneyimlerle dolu canl\u0131 bir destinasyon. K\u00fclt\u00fcrel kutlamalardan yerel sergilere kadar her ziyaret, ke\u015ffedilecek yeni bir \u015fey sunar.<\/p>\r\n\t\t\t<\/div>\r\n\t\t<\/div>\r\n\t<\/div>\r\n<\/section>\r\n\r\n<section class=\"destination-posts-wrapper\">\r\n\t<div class=\"container\">\r\n\t\t<div class=\"row flex\">\r\n\t\t\t<div class=\"cl-12\">\r\n\r\n\t\t\t\t<div class=\"row flex\">\r\n\t\t\t\t\t<div class=\"cl-6 flex align-i-center post-filter-wrapper\">\r\n\t\t\t\t\t\t<ul class=\"home-tabs-events-intab-menu\">\r\n\t\t\t\t\t\t\t<li class=\"active\" data-tab=\"1\">\r\n\t\t\t\t\t\t\t\tEtkinlik Takvimi\t\t\t\t\t\t\t<\/li>\r\n\t\t\t\t\t\t\t\t\t\t\t\t\t\t<li class=\"go-ph\" data-link=\"#section-public-holidays\">\r\n\r\n\t\t\t\t\t\t\t\tResmi Tatiller\t\t\t\t\t\t\t<\/li>\r\n\t\t\t\t\t\t<\/ul>\r\n\t\t\t\t\t<\/div>\r\n\r\n\t\t\t\t\t<script>\r\n\t\t\t\t\t\tdocument.addEventListener('DOMContentLoaded', function () {\r\n\t\t\t\t\t\t\tconst goPhTab = document.querySelector('.go-ph');\r\n\t\t\t\t\t\t\tif (goPhTab) {\r\n\t\t\t\t\t\t\t\tconst dynamicLink = goPhTab.getAttribute('data-link');\r\n\t\t\t\t\t\t\t\tgoPhTab.addEventListener('click', function () {\r\n\t\t\t\t\t\t\t\t\tif (dynamicLink) {\r\n\t\t\t\t\t\t\t\t\t\twindow.location.href = dynamicLink;\r\n\t\t\t\t\t\t\t\t\t}\r\n\t\t\t\t\t\t\t\t});\r\n\t\t\t\t\t\t\t}\r\n\t\t\t\t\t\t});\r\n\t\t\t\t\t<\/script>\r\n\t\t\t\t\t\r\n\t\t\t\t\t\t\r\n\t\t\t\t\t\t\t<div\r\n\t\t\t\t\t\t\t\tclass=\"cl-6 flex align-i-center justify-c-end post-filter-wrapper hidden-on-mobile events-filter-post\">\r\n\r\n\t\t\t\t\t\t\t\t<!-- All -->\r\n\t\t\t\t\t\t\t\t<label>\r\n\t\t\t\t\t\t\t\t\t<input type=\"radio\" name=\"event-location\" class=\"all-input\" value=\"all\" checked>\r\n\t\t\t\t\t\t\t\t\t<span class=\"active-border\">\r\n\t\t\t\t\t\t\t\t\t\tT\u00fcm\u00fc\t\t\t\t\t\t\t\t\t<\/span>\r\n\t\t\t\t\t\t\t\t<\/label>\r\n\r\n\t\t\t\t\t\t\t\t<!-- At the Port -->\r\n\t\t\t\t\t\t\t\t<label>\r\n\t\t\t\t\t\t\t\t\t<input type=\"radio\" name=\"event-location\" class=\"at-the-port-input\" value=\"at-the-port\">\r\n\t\t\t\t\t\t\t\t\t<span>\r\n\t\t\t\t\t\t\t\t\t\tLimanda\t\t\t\t\t\t\t\t\t<\/span>\r\n\t\t\t\t\t\t\t\t<\/label>\r\n\r\n\t\t\t\t\t\t\t\t<!-- Around the Port -->\r\n\t\t\t\t\t\t\t\t<label>\r\n\t\t\t\t\t\t\t\t\t<input type=\"radio\" name=\"event-location\" class=\"around-the-port-input\"\r\n\t\t\t\t\t\t\t\t\t\tvalue=\"around-the-port\">\r\n\t\t\t\t\t\t\t\t\t<span>\r\n\t\t\t\t\t\t\t\t\t\tLiman \u00c7evresinde\t\t\t\t\t\t\t\t\t<\/span>\r\n\t\t\t\t\t\t\t\t<\/label>\r\n\r\n\t\t\t\t\t\t\t<\/div>\r\n\r\n\t\t\t\t\t\t\t\t\t\t\t\r\n\r\n\r\n\t\t\t\t<\/div>\r\n\t\t\t\t<div id=\"page-events-container\" class=\"row flex flex-wrap list-posts\">\r\n\r\n\t\t\t\t\t<div class=\"cl-4\" id=\"calendar-container\">\r\n\t\t\t\t\t\t<div class=\"data-tab-1 home-tabs-events-intab home-tabs-events-intab-calendar active\">\r\n\t\t\t\t\t\t\t\r\n<div class=\"calendar-wrapper\">\r\n    <div class=\"flex calendar-header\">\r\n        <h2 id=\"monthTitle\"><\/h2>\r\n        <div class=\"calendar-nav\">\r\n            <button id=\"prevButton\" class=\"primary-bg-color\">&lt;<\/button>\r\n            <button id=\"nextButton\" class=\"primary-bg-color\">&gt;<\/button>\r\n        <\/div>\r\n    <\/div>\r\n\r\n    <table id=\"calendar\" class=\"calendar-inner\">\r\n    <thead>\r\n        <tr>\r\n            <th>Pzt<\/th><th>Sal<\/th><th>\u00c7ar<\/th><th>Per<\/th><th>Cum<\/th><th>Cmt<\/th><th>Paz<\/th>        <\/tr>\r\n    <\/thead>\r\n    <tbody id=\"calendarBody\">\r\n    <\/tbody>\r\n<\/table>\r\n\t\r\n<\/div>\r\n\r\n\r\n<script>\r\ndocument.addEventListener(\"DOMContentLoaded\", function() {\r\n    var siteId = document.getElementById('site_id').value;\r\n\r\n    function fetchEvents(month, year, loc) {\r\n        return fetch(`\/wp-content\/themes\/mbcglobalports\/functions\/events.php?month=${month}&year=${year}&location=${loc}&site_id=${siteId}`)\r\n        .then(response => response.json())\r\n        .then(events => {\r\n            console.log(events);\r\n            return events;\r\n        })\r\n        .catch(error => console.error('Error:', error));\r\n    }\r\n});\r\n<\/script>\r\n\r\n\t\t\t\t\t\t<\/div>\r\n\t\t\t\t\t<\/div>\r\n\t\t\t\t\t\t\t\t\t\t\t<div class=\"cl-6 flex align-i-center justify-c-end post-filter-wrapper events-filter-post d-none m-block\"\r\n\t\t\t\t\t\t\tstyle=\"padding-bottom:4rem;\">\r\n\t\t\t\t\t\t\t\r\n\t\t\t\t\t\t\t<label>\r\n\t\t\t\t\t\t\t\t<input type=\"radio\" name=\"event-location\" class=\"all-input\" value=\"all\" checked>\r\n\t\t\t\t\t\t\t\t<span>\r\n\t\t\t\t\t\t\t\t\tT\u00fcm\u00fc\t\t\t\t\t\t\t\t<\/span>\r\n\t\t\t\t\t\t\t<\/label>\r\n\t\t\t\t\t\t\t<label>\r\n\t\t\t\t\t\t\t\t<input type=\"radio\" name=\"event-location\" class=\"at-the-port-input\" value=\"at-the-port\">\r\n\t\t\t\t\t\t\t\t<span>\r\n\t\t\t\t\t\t\t\t\tLimanda\t\t\t\t\t\t\t\t<\/span>\r\n\t\t\t\t\t\t\t<\/label>\r\n\t\t\t\t\t\t\t<label>\r\n\t\t\t\t\t\t\t\t<input type=\"radio\" name=\"event-location\" class=\"around-the-port-input\"\r\n\t\t\t\t\t\t\t\t\tvalue=\"around-the-port\">\r\n\t\t\t\t\t\t\t\t<span>\r\n\t\t\t\t\t\t\t\t\tLiman \u00c7evresinde\t\t\t\t\t\t\t\t<\/span>\r\n\t\t\t\t\t\t\t<\/label>\r\n\r\n\r\n\t\t\t\t\t\t\t\r\n\t\t\t\t\t\t<\/div>\r\n\t\t\t\t\t\t\t\t\t\t\r\n\t\t\t\t\t\r\n\t\t\t\t<\/div>\r\n\r\n\t\t\t\t\r\n\t\t\t<\/div>\r\n\t\t<\/div>\r\n\t<\/div>\r\n<\/section>\r\n\r\n<script>\r\n\tjQuery(function ($) {\r\n\t\tvar page = 1; \/\/ Ba\u015flang\u0131\u00e7ta 1. sayfa\r\n\r\n\t\t\/\/ Sekme De\u011fi\u015ftirme (Event Calendar \/ Public Holidays)\r\n\t\t$('.home-tabs-events-intab-menu li').on('click', function () {\r\n\t\t\t$('.home-tabs-events-intab-menu li').removeClass('active');\r\n\t\t\t$(this).addClass('active');\r\n\t\t\tvar tabId = $(this).data('tab');\r\n\r\n\t\t\t\/\/ Burada sekmeye g\u00f6re i\u00e7erik de\u011fi\u015fikli\u011fi yap\u0131labilir.\r\n\t\t\tconsole.log('Se\u00e7ilen Sekme: ', tabId);\r\n\t\t});\r\n\r\n\t\t\/\/ Filtreleme i\u00e7in AJAX\r\n\t\t$('input[name=\"event-location\"]').on('change', function () {\r\n\t\t\tvar selectedLocation = $(this).val(); \/\/ Se\u00e7ilen lokasyonu al\r\n\t\t\tpage = 1; \/\/ Sayfay\u0131 s\u0131f\u0131rla\r\n\r\n\t\t\t$.ajax({\r\n\t\t\t\ttype: 'GET',\r\n\t\t\t\turl: 'https:\/\/kusadasicruiseport.com\/wp-admin\/admin-ajax.php',\r\n\t\t\t\tdata: {\r\n\t\t\t\t\taction: 'custom_filter_events',\r\n\t\t\t\t\tlocation: selectedLocation,\r\n\t\t\t\t\tpage: page \/\/ \u0130lk sayfa\r\n\t\t\t\t},\r\n\t\t\t\tsuccess: function (response) {\r\n\t\t\t\t\tvar responseData = JSON.parse(response);\r\n\t\t\t\t\t$('.ajax-build').html(responseData.first2); \/\/ \u0130lk 2 etkinli\u011fi ekle\r\n\t\t\t\t\t$('.ajax-build-2').html(responseData.remaining); \/\/ Kalan etkinlikleri ekle\r\n\t\t\t\t},\r\n\t\t\t\terror: function (xhr, status, error) {\r\n\t\t\t\t\tconsole.error('Filtreleme s\u0131ras\u0131nda bir hata olu\u015ftu:', error);\r\n\t\t\t\t}\r\n\t\t\t});\r\n\t\t});\r\n\r\n\t});\r\n<\/script>\r\n\r\n\r\n<style>\r\n\t.ajax-build .cl-4 {\r\n\t\twidth: 50%;\r\n\t}\r\n\r\n\r\n\r\n\t@media screen and (max-width:768px) {\r\n\t\t.ajax-build .cl-4 {\r\n\t\t\twidth: 100%;\r\n\t\t}\r\n\t}\r\n<\/style>\r\n\r\n<script>\r\n\tjQuery(document).ready(function ($) {\r\n\t\t\/\/ Se\u00e7ili input'un span'ine active-border ekle\r\n\t\t$('input[name=\"event-location\"]').each(function () {\r\n\t\t\tif ($(this).is(':checked')) {\r\n\t\t\t\t$(this).next('span').addClass('active-border');\r\n\t\t\t}\r\n\t\t});\r\n\r\n\t\t\/\/ De\u011fi\u015fim olunca aktif class'\u0131 g\u00fcncelle\r\n\t\t$('input[name=\"event-location\"]').on('change', function () {\r\n\t\t\t$('input[name=\"event-location\"]').next('span').removeClass('active-border');\r\n\t\t\t$(this).next('span').addClass('active-border');\r\n\t\t});\r\n\t});\r\n\r\n<\/script>\n\n\r\n\r\n\t<section class=\"section section-content-title section-destinations-others-slider-row footer-space-mr \">\r\n\t\t<div class=\"container\">\r\n\t\t\t<div class=\"row flex align-i-center\">\r\n\t\t\t\t<div class=\"cl-5\">\r\n\t\t\t\t\t\t\t\t\t\t\t<h3>DAHA FAZLASINI KE\u015eFET<\/h3>\r\n\t\t\t\t\t\t\t\t\t\t<h2>\r\n\t\t\t\t\t\tEn Pop\u00fcler \t\t\t\t\t\t<br>\r\n\t\t\t\t\t\t<span class=\"primary-color\">Yerleri Ke\u015ffedelim<\/span>\r\n\t\t\t\t\t<\/h2>\r\n\t\t\t\t<\/div>\r\n\t\t\t\t<div class=\"cl-7\">\r\n\t\t\t\t\t<p class=\"grey-color\">Sizi bekleyen onlarca harika deneyim var! En pop\u00fcler yerleri ke\u015ffedin, benzersiz anlar ya\u015fay\u0131n ve unutulmaz an\u0131lar biriktirin.<\/p>\r\n\t\t\t\t<\/div>\r\n\t\t\t<\/div>\r\n\t\t\t<div class=\"row flex align-i-center destination-other-posts-wrapper\">\r\n\t\t\t\t\r\n\t\t\t\t\t\t\t\t\t\t\t\t<div class=\"cl-4\" id=\"pID-3638\">\r\n\t\t\t\t\t\t\t<div class=\"item\">\r\n\t\t\t\t\t\t\t\t<div class=\"post-destinations-listing-image\">\r\n\t\t\t\t\t\t\t\t\t<img decoding=\"async\" src=\"https:\/\/kusadasicruiseport.com\/wp-content\/uploads\/sites\/34\/2025\/05\/dilek-kapak-1.png\" alt=\"\" class=\"w100\" \/>\r\n\t\t\t\t\t\t\t\t\t\t\t\t\t\t\t\t\t<\/div>\r\n\t\t\t\t\t\t\t\t<div class=\"post-destinations-title\">\r\n\t\t\t\t\t\t\t\t\tDilek Yar\u0131madas\u0131 Milli Park\u0131\t\t\t\t\t\t\t\t<\/div>\r\n\t\t\t\t\t\t\t\t<div class=\"post-destinations-learn-more\">\r\n\t\t\t\t\t\t\t\t\t<a href=\"https:\/\/kusadasicruiseport.com\/tr\/gez-gor-eglen\/dilek-yarimadasi-milli-parki\/\" class=\"cta primary-color\">\r\n\t\t\t\t\t\t\t\t\t\tDAHA FAZLA\t\t\t\t\t\t\t\t\t\t<svg xmlns=\"http:\/\/www.w3.org\/2000\/svg\" width=\"12.828\" height=\"12.829\" viewBox=\"0 0 12.828 12.829\">\r\n\t\t\t\t\t\t\t\t\t\t\t<g id=\"Icon_feather-arrow-up-right\" data-name=\"Icon feather-arrow-up-right\" transform=\"translate(-9.086 -9.086)\">\r\n\t\t\t\t\t\t\t\t\t\t\t\t<path id=\"Path_3\" data-name=\"Path 3\" d=\"M10.5,20.5l10-10\" fill=\"none\" class=\"primary-stroke\" stroke-linecap=\"round\" stroke-linejoin=\"round\" stroke-width=\"2\"><\/path>\r\n\t\t\t\t\t\t\t\t\t\t\t\t<path id=\"Path_4\" data-name=\"Path 4\" d=\"M10.5,10.5h10v10\" fill=\"none\" class=\"primary-stroke\" stroke-linecap=\"round\" stroke-linejoin=\"round\" stroke-width=\"2\"><\/path>\r\n\t\t\t\t\t\t\t\t\t\t\t<\/g>\r\n\t\t\t\t\t\t\t\t\t\t<\/svg>\r\n\t\t\t\t\t\t\t\t\t<\/a>\r\n\t\t\t\t\t\t\t\t<\/div>\r\n\t\t\t\t\t\t\t<\/div>\r\n\t\t\t\t\t\t<\/div>\r\n\r\n\t\t\t\t\r\n\t\t\t\t\t\t\t\t\t\t\t\t<div class=\"cl-4\" id=\"pID-3628\">\r\n\t\t\t\t\t\t\t<div class=\"item\">\r\n\t\t\t\t\t\t\t\t<div class=\"post-destinations-listing-image\">\r\n\t\t\t\t\t\t\t\t\t<img decoding=\"async\" src=\"https:\/\/kusadasicruiseport.com\/wp-content\/uploads\/sites\/34\/2025\/05\/meryem-kapak-1.png\" alt=\"\" class=\"w100\" \/>\r\n\t\t\t\t\t\t\t\t\t\t\t\t\t\t\t\t\t<\/div>\r\n\t\t\t\t\t\t\t\t<div class=\"post-destinations-title\">\r\n\t\t\t\t\t\t\t\t\tMeryem Ana Evi\t\t\t\t\t\t\t\t<\/div>\r\n\t\t\t\t\t\t\t\t<div class=\"post-destinations-learn-more\">\r\n\t\t\t\t\t\t\t\t\t<a href=\"https:\/\/kusadasicruiseport.com\/tr\/gez-gor-eglen\/meryem-ana-evi\/\" class=\"cta primary-color\">\r\n\t\t\t\t\t\t\t\t\t\tDAHA FAZLA\t\t\t\t\t\t\t\t\t\t<svg xmlns=\"http:\/\/www.w3.org\/2000\/svg\" width=\"12.828\" height=\"12.829\" viewBox=\"0 0 12.828 12.829\">\r\n\t\t\t\t\t\t\t\t\t\t\t<g id=\"Icon_feather-arrow-up-right\" data-name=\"Icon feather-arrow-up-right\" transform=\"translate(-9.086 -9.086)\">\r\n\t\t\t\t\t\t\t\t\t\t\t\t<path id=\"Path_3\" data-name=\"Path 3\" d=\"M10.5,20.5l10-10\" fill=\"none\" class=\"primary-stroke\" stroke-linecap=\"round\" stroke-linejoin=\"round\" stroke-width=\"2\"><\/path>\r\n\t\t\t\t\t\t\t\t\t\t\t\t<path id=\"Path_4\" data-name=\"Path 4\" d=\"M10.5,10.5h10v10\" fill=\"none\" class=\"primary-stroke\" stroke-linecap=\"round\" stroke-linejoin=\"round\" stroke-width=\"2\"><\/path>\r\n\t\t\t\t\t\t\t\t\t\t\t<\/g>\r\n\t\t\t\t\t\t\t\t\t\t<\/svg>\r\n\t\t\t\t\t\t\t\t\t<\/a>\r\n\t\t\t\t\t\t\t\t<\/div>\r\n\t\t\t\t\t\t\t<\/div>\r\n\t\t\t\t\t\t<\/div>\r\n\r\n\t\t\t\t\r\n\t\t\t\t\t\t\t\t\t\t\t\t<div class=\"cl-4\" id=\"pID-3622\">\r\n\t\t\t\t\t\t\t<div class=\"item\">\r\n\t\t\t\t\t\t\t\t<div class=\"post-destinations-listing-image\">\r\n\t\t\t\t\t\t\t\t\t<img decoding=\"async\" src=\"https:\/\/kusadasicruiseport.com\/wp-content\/uploads\/sites\/34\/2025\/05\/dogan-kapak.png\" alt=\"\" class=\"w100\" \/>\r\n\t\t\t\t\t\t\t\t\t\t\t\t\t\t\t\t\t<\/div>\r\n\t\t\t\t\t\t\t\t<div class=\"post-destinations-title\">\r\n\t\t\t\t\t\t\t\t\tDo\u011fanbey\t\t\t\t\t\t\t\t<\/div>\r\n\t\t\t\t\t\t\t\t<div class=\"post-destinations-learn-more\">\r\n\t\t\t\t\t\t\t\t\t<a href=\"https:\/\/kusadasicruiseport.com\/tr\/gez-gor-eglen\/doganbey\/\" class=\"cta primary-color\">\r\n\t\t\t\t\t\t\t\t\t\tDAHA FAZLA\t\t\t\t\t\t\t\t\t\t<svg xmlns=\"http:\/\/www.w3.org\/2000\/svg\" width=\"12.828\" height=\"12.829\" viewBox=\"0 0 12.828 12.829\">\r\n\t\t\t\t\t\t\t\t\t\t\t<g id=\"Icon_feather-arrow-up-right\" data-name=\"Icon feather-arrow-up-right\" transform=\"translate(-9.086 -9.086)\">\r\n\t\t\t\t\t\t\t\t\t\t\t\t<path id=\"Path_3\" data-name=\"Path 3\" d=\"M10.5,20.5l10-10\" fill=\"none\" class=\"primary-stroke\" stroke-linecap=\"round\" stroke-linejoin=\"round\" stroke-width=\"2\"><\/path>\r\n\t\t\t\t\t\t\t\t\t\t\t\t<path id=\"Path_4\" data-name=\"Path 4\" d=\"M10.5,10.5h10v10\" fill=\"none\" class=\"primary-stroke\" stroke-linecap=\"round\" stroke-linejoin=\"round\" stroke-width=\"2\"><\/path>\r\n\t\t\t\t\t\t\t\t\t\t\t<\/g>\r\n\t\t\t\t\t\t\t\t\t\t<\/svg>\r\n\t\t\t\t\t\t\t\t\t<\/a>\r\n\t\t\t\t\t\t\t\t<\/div>\r\n\t\t\t\t\t\t\t<\/div>\r\n\t\t\t\t\t\t<\/div>\r\n\r\n\t\t\t\t\r\n\t\t\t\t\t\t\t\t\t\t\t\t<div class=\"cl-4\" id=\"pID-3615\">\r\n\t\t\t\t\t\t\t<div class=\"item\">\r\n\t\t\t\t\t\t\t\t<div class=\"post-destinations-listing-image\">\r\n\t\t\t\t\t\t\t\t\t<img decoding=\"async\" src=\"https:\/\/kusadasicruiseport.com\/wp-content\/uploads\/sites\/34\/2025\/05\/guvercinlik-kapak.png\" alt=\"\" class=\"w100\" \/>\r\n\t\t\t\t\t\t\t\t\t\t\t\t\t\t\t\t\t<\/div>\r\n\t\t\t\t\t\t\t\t<div class=\"post-destinations-title\">\r\n\t\t\t\t\t\t\t\t\tG\u00fcvercinada Kalesi\t\t\t\t\t\t\t\t<\/div>\r\n\t\t\t\t\t\t\t\t<div class=\"post-destinations-learn-more\">\r\n\t\t\t\t\t\t\t\t\t<a href=\"https:\/\/kusadasicruiseport.com\/tr\/gez-gor-eglen\/guvercinada-kalesi\/\" class=\"cta primary-color\">\r\n\t\t\t\t\t\t\t\t\t\tDAHA FAZLA\t\t\t\t\t\t\t\t\t\t<svg xmlns=\"http:\/\/www.w3.org\/2000\/svg\" width=\"12.828\" height=\"12.829\" viewBox=\"0 0 12.828 12.829\">\r\n\t\t\t\t\t\t\t\t\t\t\t<g id=\"Icon_feather-arrow-up-right\" data-name=\"Icon feather-arrow-up-right\" transform=\"translate(-9.086 -9.086)\">\r\n\t\t\t\t\t\t\t\t\t\t\t\t<path id=\"Path_3\" data-name=\"Path 3\" d=\"M10.5,20.5l10-10\" fill=\"none\" class=\"primary-stroke\" stroke-linecap=\"round\" stroke-linejoin=\"round\" stroke-width=\"2\"><\/path>\r\n\t\t\t\t\t\t\t\t\t\t\t\t<path id=\"Path_4\" data-name=\"Path 4\" d=\"M10.5,10.5h10v10\" fill=\"none\" class=\"primary-stroke\" stroke-linecap=\"round\" stroke-linejoin=\"round\" stroke-width=\"2\"><\/path>\r\n\t\t\t\t\t\t\t\t\t\t\t<\/g>\r\n\t\t\t\t\t\t\t\t\t\t<\/svg>\r\n\t\t\t\t\t\t\t\t\t<\/a>\r\n\t\t\t\t\t\t\t\t<\/div>\r\n\t\t\t\t\t\t\t<\/div>\r\n\t\t\t\t\t\t<\/div>\r\n\r\n\t\t\t\t\r\n\t\t\t<\/div>\r\n\t\t<\/div>\r\n\t<\/section>\r\n","protected":false},"excerpt":{"rendered":"","protected":false},"author":1,"featured_media":0,"parent":4498,"menu_order":20,"comment_status":"closed","ping_status":"closed","template":"","meta":{"_acf_changed":false,"footnotes":""},"class_list":["post-3994","page","type-page","status-publish","hentry"],"acf":[],"_links":{"self":[{"href":"https:\/\/kusadasicruiseport.com\/tr\/wp-json\/wp\/v2\/pages\/3994","targetHints":{"allow":["GET"]}}],"collection":[{"href":"https:\/\/kusadasicruiseport.com\/tr\/wp-json\/wp\/v2\/pages"}],"about":[{"href":"https:\/\/kusadasicruiseport.com\/tr\/wp-json\/wp\/v2\/types\/page"}],"author":[{"embeddable":true,"href":"https:\/\/kusadasicruiseport.com\/tr\/wp-json\/wp\/v2\/users\/1"}],"replies":[{"embeddable":true,"href":"https:\/\/kusadasicruiseport.com\/tr\/wp-json\/wp\/v2\/comments?post=3994"}],"version-history":[{"count":15,"href":"https:\/\/kusadasicruiseport.com\/tr\/wp-json\/wp\/v2\/pages\/3994\/revisions"}],"predecessor-version":[{"id":8139,"href":"https:\/\/kusadasicruiseport.com\/tr\/wp-json\/wp\/v2\/pages\/3994\/revisions\/8139"}],"up":[{"embeddable":true,"href":"https:\/\/kusadasicruiseport.com\/tr\/wp-json\/wp\/v2\/pages\/4498"}],"wp:attachment":[{"href":"https:\/\/kusadasicruiseport.com\/tr\/wp-json\/wp\/v2\/media?parent=3994"}],"curies":[{"name":"wp","href":"https:\/\/api.w.org\/{rel}","templated":true}]}}